{"id":101,"date":"2013-07-23T14:37:23","date_gmt":"2013-07-23T12:37:23","guid":{"rendered":"http:\/\/web.bufamaschu.de\/?page_id=101"},"modified":"2013-08-22T14:30:45","modified_gmt":"2013-08-22T12:30:45","slug":"allgemeine-landerinformation","status":"publish","type":"page","link":"https:\/\/web.bufamaschu.de\/?page_id=101","title":{"rendered":"Allgemeine L\u00e4nderinformation"},"content":{"rendered":"<p><strong><div id='gallery-1' class='gallery galleryid-101 gallery-columns-3 gallery-size-thumbnail'><figure class='gallery-item'>\n\t\t\t<div class='gallery-icon portrait'>\n\t\t\t\t<a href='https:\/\/web.bufamaschu.de\/?attachment_id=406'><img loading=\"lazy\" decoding=\"async\" width=\"150\" height=\"150\" src=\"https:\/\/web.bufamaschu.de\/wp-content\/uploads\/burkinalogo2-150x150.gif\" class=\"attachment-thumbnail size-thumbnail\" alt=\"\" \/><\/a>\n\t\t\t<\/div><\/figure><figure class='gallery-item'>\n\t\t\t<div class='gallery-icon landscape'>\n\t\t\t\t<a href='https:\/\/web.bufamaschu.de\/?attachment_id=407'><img loading=\"lazy\" decoding=\"async\" width=\"150\" height=\"150\" src=\"https:\/\/web.bufamaschu.de\/wp-content\/uploads\/frau_moped_kind-150x150.jpg\" class=\"attachment-thumbnail size-thumbnail\" alt=\"\" \/><\/a>\n\t\t\t<\/div><\/figure><figure class='gallery-item'>\n\t\t\t<div class='gallery-icon landscape'>\n\t\t\t\t<a href='https:\/\/web.bufamaschu.de\/?attachment_id=377'><img loading=\"lazy\" decoding=\"async\" width=\"150\" height=\"150\" src=\"https:\/\/web.bufamaschu.de\/wp-content\/uploads\/Baobab1-150x150.jpg\" class=\"attachment-thumbnail size-thumbnail\" alt=\"\" srcset=\"https:\/\/web.bufamaschu.de\/wp-content\/uploads\/Baobab1-150x150.jpg 150w, https:\/\/web.bufamaschu.de\/wp-content\/uploads\/Baobab1-360x360.jpg 360w\" sizes=\"auto, (max-width: 150px) 100vw, 150px\" \/><\/a>\n\t\t\t<\/div><\/figure>\n\t\t<\/div>\n<br \/>\nBurkina Faso<\/strong> ist seit dem 5. August 1960 ein unabh\u00e4ngiger Staat.<\/p>\n<p>Laut Bericht der UNDP (Entwicklungsprogramm der Vereinten Nationen) belegte das Land im Jahr 2007, was den Stand der menschlichen Entwicklung angeht, unter 177 L\u00e4ndern den vorletzten Rang.<\/p>\n<p>Bei \u00fcber 12 Millionen Einwohnern, davon 56% unter 18 Jahren, beherbergt Burkina Faso nicht weniger als 60 verschiedene Volksgruppen.<\/p>\n<p>Einen ausf\u00fchrlichen \u00dcberblick \u00fcber Geschichte, Kultur, Politik und viele andere Bereiche von Burkina Faso gibt der Artikel aus der freien Enzyklop\u00e4die Wikipedia, den Sie\u00a0<a title=\"Artikel Burkina Faso\" href=\"https:\/\/de.wikipedia.org\/wiki\/Burkina_Faso\" target=\"_blank\"><strong>hier<\/strong><\/a> einsehen k\u00f6nnen.<\/p>\n<p>&nbsp;<\/p>\n<p align=\"justify\"><strong><span style=\"font-size: small;\"><strong><span style=\"font-size: small;\">Tabelle der Basisindikatoren<\/span><\/strong><\/span><\/strong><\/p>\n<p>&nbsp;<\/p>\n<table title=\"\" width=\"706\" border=\"1\" cellspacing=\"0\" cellpadding=\"2\">\n<tbody>\n<tr>\n<td>Bev\u00f6lkerung:<\/td>\n<td>\n<p align=\"right\">13.002.000<\/p>\n<\/td>\n<td title=\"\" rowspan=\"11\" width=\"250\"><\/td>\n<\/tr>\n<tr>\n<td>BSP pro Einwohner (USD):<\/td>\n<td>\n<p align=\"right\">300<\/p>\n<\/td>\n<\/tr>\n<tr>\n<td>Sterblichkeitsrate, Kinder unter 5 Jahren (0\/00):<\/td>\n<td>\n<p align=\"right\">207<\/p>\n<\/td>\n<\/tr>\n<tr>\n<td>Lebenserwartung bei der Geburt:<\/td>\n<td>\n<p align=\"right\">46<\/p>\n<\/td>\n<\/tr>\n<tr>\n<td>Alphabetisierungsrate M\u00e4nner (%):<\/td>\n<td>\n<p align=\"right\">34<\/p>\n<\/td>\n<\/tr>\n<tr>\n<td>Alphabetisierungsrate Frauen (%):<\/td>\n<td>\n<p align=\"right\">14<\/p>\n<\/td>\n<\/tr>\n<tr>\n<td>Anteil Jungen\/M\u00e4dchen, die eine Grundschule<br \/>\nbesuchen (%):<\/td>\n<td>\n<p align=\"right\">41\/28<\/p>\n<\/td>\n<\/tr>\n<tr>\n<td>Kinder, die die 5. Grundschulstufe erreichen (%):<\/td>\n<td>\n<p align=\"right\">81<\/p>\n<\/td>\n<\/tr>\n<tr>\n<td>Zugang zu Trinkwasser (%):<\/td>\n<td>\n<p align=\"right\">51<\/p>\n<\/td>\n<\/tr>\n<tr>\n<td>J\u00e4hrlicher Bev\u00f6lkerungszuwachs (%):<\/td>\n<td>\n<p align=\"right\">2.9<\/p>\n<\/td>\n<\/tr>\n<tr>\n<td>Urbane Bev\u00f6lkerung (%):<\/td>\n<td>\n<p align=\"right\">18<\/p>\n<\/td>\n<\/tr>\n<\/tbody>\n<\/table>\n<p><span style=\"font-family: Arial; font-size: small;\"><span style=\"font-family: Arial; font-size: small;\"><em><strong><span style=\"font-size: small;\"><strong><span style=\"font-family: Arial; font-size: small;\"><br \/>\n<\/span><\/strong><\/span><\/strong><\/em>Quelle: Zur Situation der Kinder in der Welt 2005<span style=\"color: #000000;\">, UNICEF<\/span><\/span><\/span><\/p>\n<p>&nbsp;<\/p>\n","protected":false},"excerpt":{"rendered":"<p>Burkina Faso ist seit dem 5. August 1960 ein unabh\u00e4ngiger Staat. Laut Bericht der UNDP (Entwicklungsprogramm der Vereinten Nationen) belegte das Land im Jahr 2007, was den Stand der menschlichen Entwicklung angeht, unter 177 L\u00e4ndern den vorletzten Rang. Bei \u00fcber 12 Millionen Einwohnern, davon 56% unter 18 Jahren, beherbergt Burkina Faso nicht weniger als 60 [&hellip;]<\/p>\n","protected":false},"author":1,"featured_media":0,"parent":140,"menu_order":0,"comment_status":"closed","ping_status":"closed","template":"","meta":{"footnotes":""},"class_list":["post-101","page","type-page","status-publish","hentry"],"_links":{"self":[{"href":"https:\/\/web.bufamaschu.de\/index.php?rest_route=\/wp\/v2\/pages\/101","targetHints":{"allow":["GET"]}}],"collection":[{"href":"https:\/\/web.bufamaschu.de\/index.php?rest_route=\/wp\/v2\/pages"}],"about":[{"href":"https:\/\/web.bufamaschu.de\/index.php?rest_route=\/wp\/v2\/types\/page"}],"author":[{"embeddable":true,"href":"https:\/\/web.bufamaschu.de\/index.php?rest_route=\/wp\/v2\/users\/1"}],"replies":[{"embeddable":true,"href":"https:\/\/web.bufamaschu.de\/index.php?rest_route=%2Fwp%2Fv2%2Fcomments&post=101"}],"version-history":[{"count":15,"href":"https:\/\/web.bufamaschu.de\/index.php?rest_route=\/wp\/v2\/pages\/101\/revisions"}],"predecessor-version":[{"id":404,"href":"https:\/\/web.bufamaschu.de\/index.php?rest_route=\/wp\/v2\/pages\/101\/revisions\/404"}],"up":[{"embeddable":true,"href":"https:\/\/web.bufamaschu.de\/index.php?rest_route=\/wp\/v2\/pages\/140"}],"wp:attachment":[{"href":"https:\/\/web.bufamaschu.de\/index.php?rest_route=%2Fwp%2Fv2%2Fmedia&parent=101"}],"curies":[{"name":"wp","href":"https:\/\/api.w.org\/{rel}","templated":true}]}}