{"id":12,"date":"2013-07-23T14:54:41","date_gmt":"2013-07-23T12:54:41","guid":{"rendered":"http:\/\/web.bufamaschu.de\/?page_id=12"},"modified":"2014-03-30T21:08:56","modified_gmt":"2014-03-30T19:08:56","slug":"wir-uber-uns","status":"publish","type":"page","link":"https:\/\/web.bufamaschu.de\/?page_id=12","title":{"rendered":"Wir \u00fcber uns"},"content":{"rendered":"<p><a href=\"https:\/\/web.bufamaschu.de\/wp-content\/uploads\/Moskitonetze11.gif\"><img loading=\"lazy\" decoding=\"async\" class=\"size-medium wp-image-234 alignright\" alt=\"Moskitonetze sind in Burkina Faso lebensnotwendig\" src=\"https:\/\/web.bufamaschu.de\/wp-content\/uploads\/Moskitonetze11-300x225.gif\" width=\"300\" height=\"225\" \/><\/a>Die Idee diesen Verein zu gr\u00fcnden entstand aus langj\u00e4hrigen Beziehungen zum Land Burkina Faso.<\/p>\n<p>Bei einem Aufenthalt in Ouagadougou lernten wir Mitglieder des burkinischen Vereins &#8222;Un enfant une education&#8220; kennen, mit dem wir erste Projekte (Patenschaftssystem) verwirklichen konnten. Kurze Zeit sp\u00e4ter wurde APECH\u00a0in Bobo-Dioulasso, der zweitgr\u00f6\u00dften Stadt des Landes, \u00a0unser zweiter Partnerverein und dank der engen und intensiven Kooperation zu unserem Hauptpartner in Burkina Faso.<br \/>\nZielsetzung des burkinischen Vereins ist, schutzbed\u00fcrftigen, verwaisten und an den Rand der Gesellschaft gedr\u00e4ngten Kindern den Schulbesuch zu erm\u00f6glichen.<br \/>\nOft sind bereits die 25-30 Euro Schulgeb\u00fchren j\u00e4hrlich f\u00fcr viele Familien zu hoch, sodass Kinder sehr armer Familien nicht die Schule besuchen k\u00f6nnen.<\/p>\n<p>Die Vereinsmitglieder denken auch an die Rahmenbedingungen des Lernens und wollen diese f\u00fcr die Kinder verbessern. Denn die Lebensbedingungen der Kinder gef\u00e4hrden ihren Erfolg in der Schule.<br \/>\nF\u00fcr die\u00a0genannten Kinder gibt\u00a0es nur einmal am Tag, manchmal auch nur alle zwei Tage, eine Mahlzeit, sodass sie oft hungrig sind und Medikamente gegen Krankheiten k\u00f6nnen von den Eltern nicht bezahlt werden. Es fehlt an Kleidung, Schuhen, Taschen, Fahrr\u00e4dern, Schulmobiliar usw.<\/p>\n<p>Unser gemeinsames Ziel ist es, den Kindern ein Minimum an Lebensbedinungen zu schaffen, unter welchen sie gut lernen k\u00f6nnen.<\/p>\n<p><strong>Unsere Ziele:<\/strong><br \/>\n&#8211;\u00a0 Gewinnung von Mitgliedern, die unsere Arbeit ideell, tatkr\u00e4ftig oder rein finanziell unterst\u00fctzen,<br \/>\n&#8211;\u00a0 trotz der gro\u00dfen Armut eine positive Darstellung des Landes Burkina Faso und seiner Menschen in Deutschland\u00a0vermitteln,<br \/>\n&#8211;\u00a0 Vermittlung von Stipendien f\u00fcr die oben genannten Kinder,<br \/>\n&#8211;\u00a0 Finanzierung von Schulbauten,<br \/>\n&#8211;\u00a0 Ausstattung von Schulen,<br \/>\n&#8211;\u00a0 Versorgung der Kinder mit Essen, Kleidung, Schulmaterial, Fahrr\u00e4dern,<br \/>\n&#8211;\u00a0 Versand von Sachspenden, Containerlieferungen<\/p>\n<p>&#8211; Verbesserung des Gesundheitssystems (Bau von Krankenstationen)<\/p>\n<p>&#8211;\u00a0 kultureller Austausch von Unterst\u00fctzern der Vereine in Burkina Faso und in Deutschland,<br \/>\n&#8211;\u00a0 Schulpartnerschaften zwischen burkinischen und deutschen Schulen,<br \/>\n&#8211;\u00a0 regelm\u00e4\u00dfiger Gedankenaustausch unter den Mitgliedern beider Vereine.<\/p>\n<p>Dieser Internetauftritt soll dazu dienen die Arbeit unseres Vereins transparent zu machen.\u00a0Wir sind bem\u00fcht Antworten auf Ihre m\u00f6glichen Fragen bereits vorab zu geben.<br \/>\nAuf alle weiteren Fragen\u00a0erhalten\u00a0Sie gerne pers\u00f6nlich Auskunft. Sie k\u00f6nnen sich jederzeit telefonisch oder per E-Mail an uns wenden.<\/p>\n<p>Burkina Faso macht Schule e.V. -Bufamaschu<br \/>\nRingstra\u00dfe 10<br \/>\n36154 Hosenfeld<br \/>\nTel.: +49 6669\/900988<br \/>\nE-Mail: info@bufamaschu.de<\/p>\n","protected":false},"excerpt":{"rendered":"<p>Die Idee diesen Verein zu gr\u00fcnden entstand aus langj\u00e4hrigen Beziehungen zum Land Burkina Faso. Bei einem Aufenthalt in Ouagadougou lernten wir Mitglieder des burkinischen Vereins &#8222;Un enfant une education&#8220; kennen, mit dem wir erste Projekte (Patenschaftssystem) verwirklichen konnten. Kurze Zeit sp\u00e4ter wurde APECH\u00a0in Bobo-Dioulasso, der zweitgr\u00f6\u00dften Stadt des Landes, \u00a0unser zweiter Partnerverein und dank der [&hellip;]<\/p>\n","protected":false},"author":1,"featured_media":0,"parent":0,"menu_order":0,"comment_status":"closed","ping_status":"open","template":"","meta":{"footnotes":""},"class_list":["post-12","page","type-page","status-publish","hentry"],"_links":{"self":[{"href":"https:\/\/web.bufamaschu.de\/index.php?rest_route=\/wp\/v2\/pages\/12","targetHints":{"allow":["GET"]}}],"collection":[{"href":"https:\/\/web.bufamaschu.de\/index.php?rest_route=\/wp\/v2\/pages"}],"about":[{"href":"https:\/\/web.bufamaschu.de\/index.php?rest_route=\/wp\/v2\/types\/page"}],"author":[{"embeddable":true,"href":"https:\/\/web.bufamaschu.de\/index.php?rest_route=\/wp\/v2\/users\/1"}],"replies":[{"embeddable":true,"href":"https:\/\/web.bufamaschu.de\/index.php?rest_route=%2Fwp%2Fv2%2Fcomments&post=12"}],"version-history":[{"count":9,"href":"https:\/\/web.bufamaschu.de\/index.php?rest_route=\/wp\/v2\/pages\/12\/revisions"}],"predecessor-version":[{"id":518,"href":"https:\/\/web.bufamaschu.de\/index.php?rest_route=\/wp\/v2\/pages\/12\/revisions\/518"}],"wp:attachment":[{"href":"https:\/\/web.bufamaschu.de\/index.php?rest_route=%2Fwp%2Fv2%2Fmedia&parent=12"}],"curies":[{"name":"wp","href":"https:\/\/api.w.org\/{rel}","templated":true}]}}