{"id":185,"date":"2013-07-23T15:38:34","date_gmt":"2013-07-23T13:38:34","guid":{"rendered":"http:\/\/web.bufamaschu.de\/?page_id=185"},"modified":"2020-01-20T15:46:05","modified_gmt":"2020-01-20T14:46:05","slug":"home","status":"publish","type":"page","link":"https:\/\/web.bufamaschu.de\/","title":{"rendered":"Home"},"content":{"rendered":"\n<figure class=\"wp-block-gallery columns-3 is-cropped wp-block-gallery-1 is-layout-flex wp-block-gallery-is-layout-flex\"><ul class=\"blocks-gallery-grid\"><li class=\"blocks-gallery-item\"><figure><img loading=\"lazy\" decoding=\"async\" width=\"1024\" height=\"767\" src=\"https:\/\/web.bufamaschu.de\/wp-content\/uploads\/PHOTO-2019-06-06-13-53-45-1024x767.jpg\" alt=\"\" data-id=\"826\" data-full-url=\"https:\/\/web.bufamaschu.de\/wp-content\/uploads\/PHOTO-2019-06-06-13-53-45.jpg\" data-link=\"https:\/\/web.bufamaschu.de\/?attachment_id=826\" class=\"wp-image-826\" srcset=\"https:\/\/web.bufamaschu.de\/wp-content\/uploads\/PHOTO-2019-06-06-13-53-45-1024x767.jpg 1024w, https:\/\/web.bufamaschu.de\/wp-content\/uploads\/PHOTO-2019-06-06-13-53-45-300x225.jpg 300w, https:\/\/web.bufamaschu.de\/wp-content\/uploads\/PHOTO-2019-06-06-13-53-45-768x575.jpg 768w, https:\/\/web.bufamaschu.de\/wp-content\/uploads\/PHOTO-2019-06-06-13-53-45.jpg 1080w\" sizes=\"auto, (max-width: 1024px) 100vw, 1024px\" \/><\/figure><\/li><li class=\"blocks-gallery-item\"><figure><img loading=\"lazy\" decoding=\"async\" width=\"1024\" height=\"767\" src=\"https:\/\/web.bufamaschu.de\/wp-content\/uploads\/PHOTO-2019-09-06-10-48-28-1024x767.jpg\" alt=\"\" data-id=\"829\" data-full-url=\"https:\/\/web.bufamaschu.de\/wp-content\/uploads\/PHOTO-2019-09-06-10-48-28.jpg\" data-link=\"https:\/\/web.bufamaschu.de\/?attachment_id=829\" class=\"wp-image-829\" srcset=\"https:\/\/web.bufamaschu.de\/wp-content\/uploads\/PHOTO-2019-09-06-10-48-28-1024x767.jpg 1024w, https:\/\/web.bufamaschu.de\/wp-content\/uploads\/PHOTO-2019-09-06-10-48-28-300x225.jpg 300w, https:\/\/web.bufamaschu.de\/wp-content\/uploads\/PHOTO-2019-09-06-10-48-28-768x575.jpg 768w, https:\/\/web.bufamaschu.de\/wp-content\/uploads\/PHOTO-2019-09-06-10-48-28.jpg 1080w\" sizes=\"auto, (max-width: 1024px) 100vw, 1024px\" \/><\/figure><\/li><li class=\"blocks-gallery-item\"><figure><img loading=\"lazy\" decoding=\"async\" width=\"580\" height=\"389\" src=\"https:\/\/web.bufamaschu.de\/wp-content\/uploads\/Schulspeisung.jpg\" alt=\"\" data-id=\"328\" data-full-url=\"https:\/\/web.bufamaschu.de\/wp-content\/uploads\/Schulspeisung.jpg\" data-link=\"https:\/\/web.bufamaschu.de\/?attachment_id=328\" class=\"wp-image-328\" srcset=\"https:\/\/web.bufamaschu.de\/wp-content\/uploads\/Schulspeisung.jpg 580w, https:\/\/web.bufamaschu.de\/wp-content\/uploads\/Schulspeisung-300x201.jpg 300w\" sizes=\"auto, (max-width: 580px) 100vw, 580px\" \/><\/figure><\/li><\/ul><\/figure>\n\n\n\n<h3 class=\"wp-block-heading\">Burkina Faso macht Schule e.V.<\/h3>\n\n\n\n<p> \u201eBurkina Faso macht Schule e.V. \u2013 Bufamaschu\u201c ist ein gemeinn\u00fctziger Verein, der sich seit 2007 f\u00fcr schutzbed\u00fcrftige, benachteiligte Kindern in Burkina Faso einsetzt. <br><\/p>\n\n\n\n<hr class=\"wp-block-separator\"\/>\n\n\n\n<figure class=\"wp-block-gallery columns-3 is-cropped wp-block-gallery-2 is-layout-flex wp-block-gallery-is-layout-flex\"><ul class=\"blocks-gallery-grid\"><li class=\"blocks-gallery-item\"><figure><img loading=\"lazy\" decoding=\"async\" width=\"1024\" height=\"576\" src=\"https:\/\/web.bufamaschu.de\/wp-content\/uploads\/Eroeffnung-Miriya03jpg-1024x576.jpg\" alt=\"\" data-id=\"713\" data-full-url=\"https:\/\/web.bufamaschu.de\/wp-content\/uploads\/Eroeffnung-Miriya03jpg.jpg\" data-link=\"https:\/\/web.bufamaschu.de\/?attachment_id=713\" class=\"wp-image-713\" srcset=\"https:\/\/web.bufamaschu.de\/wp-content\/uploads\/Eroeffnung-Miriya03jpg-1024x576.jpg 1024w, https:\/\/web.bufamaschu.de\/wp-content\/uploads\/Eroeffnung-Miriya03jpg-300x169.jpg 300w, https:\/\/web.bufamaschu.de\/wp-content\/uploads\/Eroeffnung-Miriya03jpg-768x432.jpg 768w, https:\/\/web.bufamaschu.de\/wp-content\/uploads\/Eroeffnung-Miriya03jpg.jpg 1032w\" sizes=\"auto, (max-width: 1024px) 100vw, 1024px\" \/><\/figure><\/li><li class=\"blocks-gallery-item\"><figure><img loading=\"lazy\" decoding=\"async\" width=\"480\" height=\"720\" src=\"https:\/\/web.bufamaschu.de\/wp-content\/uploads\/Strasse.jpg\" alt=\"\" data-id=\"330\" data-full-url=\"https:\/\/web.bufamaschu.de\/wp-content\/uploads\/Strasse.jpg\" data-link=\"https:\/\/web.bufamaschu.de\/?attachment_id=330\" class=\"wp-image-330\" srcset=\"https:\/\/web.bufamaschu.de\/wp-content\/uploads\/Strasse.jpg 480w, https:\/\/web.bufamaschu.de\/wp-content\/uploads\/Strasse-200x300.jpg 200w\" sizes=\"auto, (max-width: 480px) 100vw, 480px\" \/><\/figure><\/li><li class=\"blocks-gallery-item\"><figure><img loading=\"lazy\" decoding=\"async\" width=\"475\" height=\"720\" src=\"https:\/\/web.bufamaschu.de\/wp-content\/uploads\/Grundsteinlegung_Ouolokoto.jpg\" alt=\"\" data-id=\"335\" data-full-url=\"https:\/\/web.bufamaschu.de\/wp-content\/uploads\/Grundsteinlegung_Ouolokoto.jpg\" data-link=\"https:\/\/web.bufamaschu.de\/?attachment_id=335\" class=\"wp-image-335\" srcset=\"https:\/\/web.bufamaschu.de\/wp-content\/uploads\/Grundsteinlegung_Ouolokoto.jpg 475w, https:\/\/web.bufamaschu.de\/wp-content\/uploads\/Grundsteinlegung_Ouolokoto-197x300.jpg 197w\" sizes=\"auto, (max-width: 475px) 100vw, 475px\" \/><\/figure><\/li><\/ul><\/figure>\n\n\n\n<hr class=\"wp-block-separator\"\/>\n\n\n\n<p> Ziele sind, den Zugang zu Bildung und eine Berufsausbildung&nbsp;zu  erm\u00f6glichen. Durch eine Verbesserung der gesundheitlichen Versorgung,  Verteilung von Lebensmitteln und der Organisation von Containern mit  Hilfsg\u00fctern aus Deutschland nach Burkina Faso sollen die Lebensumst\u00e4nde  der Menschen nachhaltig positiv beeinflusst werden. <br>    <\/p>\n\n\n\n<hr class=\"wp-block-separator\"\/>\n\n\n\n<figure class=\"wp-block-gallery columns-3 is-cropped wp-block-gallery-3 is-layout-flex wp-block-gallery-is-layout-flex\"><ul class=\"blocks-gallery-grid\"><li class=\"blocks-gallery-item\"><figure><img loading=\"lazy\" decoding=\"async\" width=\"767\" height=\"1024\" src=\"https:\/\/web.bufamaschu.de\/wp-content\/uploads\/PHOTO-2019-09-06-11-19-42-767x1024.jpg\" alt=\"\" data-id=\"832\" data-full-url=\"https:\/\/web.bufamaschu.de\/wp-content\/uploads\/PHOTO-2019-09-06-11-19-42.jpg\" data-link=\"https:\/\/web.bufamaschu.de\/?attachment_id=832\" class=\"wp-image-832\" srcset=\"https:\/\/web.bufamaschu.de\/wp-content\/uploads\/PHOTO-2019-09-06-11-19-42-767x1024.jpg 767w, https:\/\/web.bufamaschu.de\/wp-content\/uploads\/PHOTO-2019-09-06-11-19-42-225x300.jpg 225w, https:\/\/web.bufamaschu.de\/wp-content\/uploads\/PHOTO-2019-09-06-11-19-42-768x1025.jpg 768w, https:\/\/web.bufamaschu.de\/wp-content\/uploads\/PHOTO-2019-09-06-11-19-42.jpg 809w\" sizes=\"auto, (max-width: 767px) 100vw, 767px\" \/><\/figure><\/li><li class=\"blocks-gallery-item\"><figure><img loading=\"lazy\" decoding=\"async\" width=\"1024\" height=\"767\" src=\"https:\/\/web.bufamaschu.de\/wp-content\/uploads\/PHOTO-2019-12-18-21-17-28-1024x767.jpg\" alt=\"\" data-id=\"839\" data-full-url=\"https:\/\/web.bufamaschu.de\/wp-content\/uploads\/PHOTO-2019-12-18-21-17-28.jpg\" data-link=\"https:\/\/web.bufamaschu.de\/?attachment_id=839\" class=\"wp-image-839\" srcset=\"https:\/\/web.bufamaschu.de\/wp-content\/uploads\/PHOTO-2019-12-18-21-17-28-1024x767.jpg 1024w, https:\/\/web.bufamaschu.de\/wp-content\/uploads\/PHOTO-2019-12-18-21-17-28-300x225.jpg 300w, https:\/\/web.bufamaschu.de\/wp-content\/uploads\/PHOTO-2019-12-18-21-17-28-768x575.jpg 768w, https:\/\/web.bufamaschu.de\/wp-content\/uploads\/PHOTO-2019-12-18-21-17-28.jpg 1080w\" sizes=\"auto, (max-width: 1024px) 100vw, 1024px\" \/><\/figure><\/li><li class=\"blocks-gallery-item\"><figure><img loading=\"lazy\" decoding=\"async\" width=\"1024\" height=\"768\" src=\"https:\/\/web.bufamaschu.de\/wp-content\/uploads\/R\u00e9presentante-des-femmes-1024x768.jpg\" alt=\"\" data-id=\"559\" data-full-url=\"https:\/\/web.bufamaschu.de\/wp-content\/uploads\/R\u00e9presentante-des-femmes.jpg\" data-link=\"https:\/\/web.bufamaschu.de\/?attachment_id=559\" class=\"wp-image-559\" srcset=\"https:\/\/web.bufamaschu.de\/wp-content\/uploads\/R\u00e9presentante-des-femmes.jpg 1024w, https:\/\/web.bufamaschu.de\/wp-content\/uploads\/R\u00e9presentante-des-femmes-300x225.jpg 300w\" sizes=\"auto, (max-width: 1024px) 100vw, 1024px\" \/><\/figure><\/li><\/ul><\/figure>\n\n\n\n<p><\/p>\n","protected":false},"excerpt":{"rendered":"<p>Burkina Faso macht Schule e.V. \u201eBurkina Faso macht Schule e.V. \u2013 Bufamaschu\u201c ist ein gemeinn\u00fctziger Verein, der sich seit 2007 f\u00fcr schutzbed\u00fcrftige, benachteiligte Kindern in Burkina Faso einsetzt. Ziele sind, den Zugang zu Bildung und eine Berufsausbildung&nbsp;zu erm\u00f6glichen. Durch eine Verbesserung der gesundheitlichen Versorgung, Verteilung von Lebensmitteln und der Organisation von Containern mit Hilfsg\u00fctern aus [&hellip;]<\/p>\n","protected":false},"author":1,"featured_media":0,"parent":0,"menu_order":0,"comment_status":"closed","ping_status":"closed","template":"","meta":{"footnotes":""},"class_list":["post-185","page","type-page","status-publish","hentry"],"_links":{"self":[{"href":"https:\/\/web.bufamaschu.de\/index.php?rest_route=\/wp\/v2\/pages\/185","targetHints":{"allow":["GET"]}}],"collection":[{"href":"https:\/\/web.bufamaschu.de\/index.php?rest_route=\/wp\/v2\/pages"}],"about":[{"href":"https:\/\/web.bufamaschu.de\/index.php?rest_route=\/wp\/v2\/types\/page"}],"author":[{"embeddable":true,"href":"https:\/\/web.bufamaschu.de\/index.php?rest_route=\/wp\/v2\/users\/1"}],"replies":[{"embeddable":true,"href":"https:\/\/web.bufamaschu.de\/index.php?rest_route=%2Fwp%2Fv2%2Fcomments&post=185"}],"version-history":[{"count":23,"href":"https:\/\/web.bufamaschu.de\/index.php?rest_route=\/wp\/v2\/pages\/185\/revisions"}],"predecessor-version":[{"id":863,"href":"https:\/\/web.bufamaschu.de\/index.php?rest_route=\/wp\/v2\/pages\/185\/revisions\/863"}],"wp:attachment":[{"href":"https:\/\/web.bufamaschu.de\/index.php?rest_route=%2Fwp%2Fv2%2Fmedia&parent=185"}],"curies":[{"name":"wp","href":"https:\/\/api.w.org\/{rel}","templated":true}]}}