{"id":196,"date":"2013-07-24T11:06:04","date_gmt":"2013-07-24T09:06:04","guid":{"rendered":"http:\/\/web.bufamaschu.de\/?page_id=196"},"modified":"2013-08-22T15:39:47","modified_gmt":"2013-08-22T13:39:47","slug":"geburtsurkunden","status":"publish","type":"page","link":"https:\/\/web.bufamaschu.de\/?page_id=196","title":{"rendered":"Geburtsurkunden"},"content":{"rendered":"<p><strong><strong>Geburtsurkunden f\u00fcr 100 M\u00e4dchen aus Ouoloko<\/strong>to<\/strong><\/p>\n<p align=\"left\">Laut burkinischem Gesetz\u00a0ist nur Kindern, die auch einen Abstammungsnachweis vorlegen k\u00f6nnen, der<br \/>\nSchulbesuch erlaubt. Um den zahlreichen M\u00e4dchen und Jungen ohne Geburtsurkunde zumindest eine<br \/>\nGrundbildung zu erm\u00f6glichen, besteht die \u00dcbereinkunft, dass der Grundschulbesuch auch ohne dieses<br \/>\nDokument m\u00f6glich ist. Doch werden diese Kinder nicht zu den Abschlusspr\u00fcfungen am Ende der sechsten<br \/>\nKlasse zugelassen und erhalten auch keinen Zutritt zu weiterf\u00fchrenden Schulen.<br \/>\n<strong>Ohne Geburtsurkunde keine Bildung.<\/strong><\/p>\n<p>Zudem ist in nahezu allen L\u00e4ndern Westafrikas der Kinderhandel und die Sklaverei weiterhin ein aktuelles<br \/>\nProblem, auch in Burkina Faso. Kinder, vor allem M\u00e4dchen, werden in Haushalte reicher Burkinab\u00e8 oder ins<br \/>\nangrenzende Ausland verschleppt, wo sie f\u00fcr ihre neuen Besitzer arbeiten m\u00fcssen und auch sexuell<br \/>\nmissbraucht werden. So ist z.B. der t\u00e4gliche\u00a0Weg zur Wasserstelle gefahrvoll, da vor allem hier Kinderh\u00e4ndler<br \/>\nlauern. Die Eltern oder die Familie kann nicht nachweisen, dass dieses Kind ihr Kind ist.<br \/>\n<strong>Ohne Geburtsurkunde kein Existenznachweis.<\/strong><\/p>\n<p align=\"left\">Gemeinsam mit unserem Partner in Bobo-Dioulasso, APECH, wollen wir allen Kinder in Ouolokoto\u00a0dieses so wichtige<br \/>\nDokument finanzieren. Wenn ein Kind\u00a0innerhalb der ersten sechs Wochen angemeldet wird,\u00a0betragen die amtlichen<br \/>\nKosten f\u00fcr eine Geburtsurkunde 1,80 Euro. Diese erh\u00f6hen sich f\u00fcr sp\u00e4ter angemeldete Kinder auf knapp 4,- Euro.<\/p>\n<p>W\u00e4hrend sich der\u00a0Fu\u00dfmarsch ins rund 20 Kilometer entfernte Bobo-Dioulasso zur Beh\u00f6rde f\u00fcr die meisten im allt\u00e4gliche<br \/>\nArbeitsablauf nicht realisieren l\u00e4sst, sind es in der Folgezeit die Kosten von 3,90 Euro, die eine zu gro\u00dfe H\u00fcrde f\u00fcr<br \/>\ndie meisten Familie darstellen. Wir wollen das \u00e4ndern, denn:<br \/>\n<strong>Geburtsurkunde = Identit\u00e4t<\/strong><\/p>\n<p align=\"left\"><strong>\u00a0<\/strong><\/p>\n<p align=\"left\">\n<table border=\"1\">\n<tbody>\n<tr>\n<td>\u00a0<a href=\"https:\/\/web.bufamaschu.de\/wp-content\/uploads\/Geburtsurkunden1.gif\"><img loading=\"lazy\" decoding=\"async\" class=\"size-medium wp-image-198 aligncenter\" alt=\"Geburtsurkunden1\" src=\"https:\/\/web.bufamaschu.de\/wp-content\/uploads\/Geburtsurkunden1-300x225.gif\" width=\"300\" height=\"225\" \/><\/a><\/td>\n<td>\u00a0<a href=\"https:\/\/web.bufamaschu.de\/wp-content\/uploads\/Geburtsurkunden2.gif\"><img loading=\"lazy\" decoding=\"async\" class=\"size-medium wp-image-199 aligncenter\" alt=\"Geburtsurkunden2\" src=\"https:\/\/web.bufamaschu.de\/wp-content\/uploads\/Geburtsurkunden2-300x225.gif\" width=\"300\" height=\"225\" \/><\/a><\/td>\n<\/tr>\n<tr>\n<td style=\"text-align: center;\">\u00a0Acte de naissance (Geburtsurkunde)<\/td>\n<td style=\"text-align: center;\">\u00a0stolze M\u00e4dchen\u00a0und Mitglieder von APECH und Bufamaschu<\/td>\n<\/tr>\n<\/tbody>\n<\/table>\n<p align=\"left\"><strong>\u00a0<\/strong><\/p>\n<p style=\"text-align: left;\" align=\"center\"><strong>Initiative des Staates Burkina Faso<\/strong><\/p>\n<p align=\"left\"><strong><\/strong>Seit unserem Besuch in Ouolokoto hat sich etwas Positives auf dem Gebiet der Geburtsurkunden getan. In einer<br \/>\ngro\u00dfen, auf 12 Monate Dauer\u00a0angelegten Kampagne\u00a0will der burkinische Staat\u00a0rund 5,5 Millionen Menschen<br \/>\nkostenfrei mit einer Geburtsurkunde versehen.<br \/>\nDiese von Unicef mitfinanzierte Aktion kostet insgesamt vier Millionen US-Dollar.<br \/>\nWir hoffen und w\u00fcnschen, dass auch \u00fcber das Projekt hinaus, zuk\u00fcnftig allen Kindern mit ihrer Geburt dieses<br \/>\nwichtige Dokument geb\u00fchrenfrei \u00fcbergeben wird.<br \/>\nWie gro\u00df der Andrang allein in Bobo-Dioulasso war, zeigen folgende Bilder.<\/p>\n<table border=\"1\" cellspacing=\"0\" cellpadding=\"3\">\n<tbody>\n<tr>\n<td>\n<p style=\"text-align: center;\" align=\"center\"><a href=\"https:\/\/web.bufamaschu.de\/wp-content\/uploads\/Geburtsurkundenb-Staat1.jpg\"><img loading=\"lazy\" decoding=\"async\" class=\"size-medium wp-image-200 aligncenter\" alt=\"Geburtsurkundenb-Staat1\" src=\"https:\/\/web.bufamaschu.de\/wp-content\/uploads\/Geburtsurkundenb-Staat1-300x225.jpg\" width=\"300\" height=\"225\" srcset=\"https:\/\/web.bufamaschu.de\/wp-content\/uploads\/Geburtsurkundenb-Staat1-300x225.jpg 300w, https:\/\/web.bufamaschu.de\/wp-content\/uploads\/Geburtsurkundenb-Staat1.jpg 768w\" sizes=\"auto, (max-width: 300px) 100vw, 300px\" \/><\/a><br \/>\nLange Warteschlangen bilden sich<\/p>\n<\/td>\n<td>\n<p style=\"text-align: center;\" align=\"center\"><a href=\"https:\/\/web.bufamaschu.de\/wp-content\/uploads\/Geburtsurkundenb-Staat2.jpg\"><img loading=\"lazy\" decoding=\"async\" class=\"size-medium wp-image-201 aligncenter\" alt=\"Geburtsurkundenb-Staat2\" src=\"https:\/\/web.bufamaschu.de\/wp-content\/uploads\/Geburtsurkundenb-Staat2-300x225.jpg\" width=\"300\" height=\"225\" srcset=\"https:\/\/web.bufamaschu.de\/wp-content\/uploads\/Geburtsurkundenb-Staat2-300x225.jpg 300w, https:\/\/web.bufamaschu.de\/wp-content\/uploads\/Geburtsurkundenb-Staat2.jpg 640w\" sizes=\"auto, (max-width: 300px) 100vw, 300px\" \/><\/a><br \/>\nHier\u00a0warten ausschlie\u00dflich M\u00e4dchen und Frauen auf die Geburtsurkunden<\/p>\n<\/td>\n<\/tr>\n<\/tbody>\n<\/table>\n","protected":false},"excerpt":{"rendered":"<p>Geburtsurkunden f\u00fcr 100 M\u00e4dchen aus Ouolokoto Laut burkinischem Gesetz\u00a0ist nur Kindern, die auch einen Abstammungsnachweis vorlegen k\u00f6nnen, der Schulbesuch erlaubt. Um den zahlreichen M\u00e4dchen und Jungen ohne Geburtsurkunde zumindest eine Grundbildung zu erm\u00f6glichen, besteht die \u00dcbereinkunft, dass der Grundschulbesuch auch ohne dieses Dokument m\u00f6glich ist. Doch werden diese Kinder nicht zu den Abschlusspr\u00fcfungen am Ende [&hellip;]<\/p>\n","protected":false},"author":1,"featured_media":0,"parent":142,"menu_order":0,"comment_status":"closed","ping_status":"closed","template":"","meta":{"footnotes":""},"class_list":["post-196","page","type-page","status-publish","hentry"],"_links":{"self":[{"href":"https:\/\/web.bufamaschu.de\/index.php?rest_route=\/wp\/v2\/pages\/196","targetHints":{"allow":["GET"]}}],"collection":[{"href":"https:\/\/web.bufamaschu.de\/index.php?rest_route=\/wp\/v2\/pages"}],"about":[{"href":"https:\/\/web.bufamaschu.de\/index.php?rest_route=\/wp\/v2\/types\/page"}],"author":[{"embeddable":true,"href":"https:\/\/web.bufamaschu.de\/index.php?rest_route=\/wp\/v2\/users\/1"}],"replies":[{"embeddable":true,"href":"https:\/\/web.bufamaschu.de\/index.php?rest_route=%2Fwp%2Fv2%2Fcomments&post=196"}],"version-history":[{"count":7,"href":"https:\/\/web.bufamaschu.de\/index.php?rest_route=\/wp\/v2\/pages\/196\/revisions"}],"predecessor-version":[{"id":453,"href":"https:\/\/web.bufamaschu.de\/index.php?rest_route=\/wp\/v2\/pages\/196\/revisions\/453"}],"up":[{"embeddable":true,"href":"https:\/\/web.bufamaschu.de\/index.php?rest_route=\/wp\/v2\/pages\/142"}],"wp:attachment":[{"href":"https:\/\/web.bufamaschu.de\/index.php?rest_route=%2Fwp%2Fv2%2Fmedia&parent=196"}],"curies":[{"name":"wp","href":"https:\/\/api.w.org\/{rel}","templated":true}]}}