{"id":251,"date":"2013-07-24T11:56:58","date_gmt":"2013-07-24T09:56:58","guid":{"rendered":"http:\/\/web.bufamaschu.de\/?page_id=251"},"modified":"2013-08-22T15:13:21","modified_gmt":"2013-08-22T13:13:21","slug":"ausbildungszentrum-fur-friseurinnen","status":"publish","type":"page","link":"https:\/\/web.bufamaschu.de\/?page_id=251","title":{"rendered":"Ausbildungszentrum f\u00fcr Friseurinnen"},"content":{"rendered":"<p>Gemeinsam mit APECH bilden wir seit Beginn des Schuljahres 2008\/2009\u00a0 M\u00e4dchen zu Hairstylistinnen aus.<\/p>\n<p>Bereits im ersten Jahr haben 30 M\u00e4dchen die Ausbildung absolviert.<br \/>\nDie M\u00e4dchen kamen aus den Klasse 4-6 und waren zwischen 10 und 16 Jahren alt.<\/p>\n<p>Es handelt sich bei den Teilnehmenden um Kinder, die aus unterschiedlichen Gr\u00fcnden die Schule nach der 6. Klasse verlassen m\u00fcssen; sei es aus<br \/>\nfinanziellen Gr\u00fcnden oder aufgrund schwacher Noten.<br \/>\nDas Curriculum f\u00fcr dieses Projekt wurde von APECH ausgearbeitet. Drei Ausbilderinnen unterrichten die M\u00e4dchen elf Stunden pro Woche in Fachtheorie in den R\u00e4umen der Grundschule. Das geschieht au\u00dferhalb des regul\u00e4ren Unterrichts. Das Budget f\u00fcr die Ausbildung betr\u00e4gt\u00a0knapp 1400,- Euro j\u00e4hrlich, wobei das Material bereits eingerechnet ist.<\/p>\n<p>Bufamaschu tr\u00e4gt die Ausbildungskosten nun bereits seit beginn des Projektes. Wir haben w\u00e4hrend unserer Reisen das Ausbildungsatelier besucht und konnten bei dieser Gelegenheit einige der M\u00e4dchen kennen lernen.<\/p>\n<p>&nbsp;<\/p>\n<table border=\"1\">\n<tbody>\n<tr>\n<td><a href=\"https:\/\/web.bufamaschu.de\/wp-content\/uploads\/Friseurinnen3.jpg\"><img loading=\"lazy\" decoding=\"async\" class=\"alignnone size-medium wp-image-254\" alt=\"Friseurinnen3\" src=\"https:\/\/web.bufamaschu.de\/wp-content\/uploads\/Friseurinnen3-300x225.jpg\" width=\"300\" height=\"225\" srcset=\"https:\/\/web.bufamaschu.de\/wp-content\/uploads\/Friseurinnen3-300x225.jpg 300w, https:\/\/web.bufamaschu.de\/wp-content\/uploads\/Friseurinnen3.jpg 640w\" sizes=\"auto, (max-width: 300px) 100vw, 300px\" \/><\/a><\/td>\n<td>\u00a0<a href=\"https:\/\/web.bufamaschu.de\/wp-content\/uploads\/Friseurinnen2.jpg\"><img loading=\"lazy\" decoding=\"async\" class=\"alignnone size-medium wp-image-253\" alt=\"Friseurinnen2\" src=\"https:\/\/web.bufamaschu.de\/wp-content\/uploads\/Friseurinnen2-300x225.jpg\" width=\"300\" height=\"225\" srcset=\"https:\/\/web.bufamaschu.de\/wp-content\/uploads\/Friseurinnen2-300x225.jpg 300w, https:\/\/web.bufamaschu.de\/wp-content\/uploads\/Friseurinnen2.jpg 640w\" sizes=\"auto, (max-width: 300px) 100vw, 300px\" \/><\/a><\/td>\n<td><a href=\"https:\/\/web.bufamaschu.de\/wp-content\/uploads\/Friseurinnen1.jpg\"><img loading=\"lazy\" decoding=\"async\" class=\"alignnone size-medium wp-image-252\" alt=\"Friseurinnen1\" src=\"https:\/\/web.bufamaschu.de\/wp-content\/uploads\/Friseurinnen1-300x225.jpg\" width=\"300\" height=\"225\" srcset=\"https:\/\/web.bufamaschu.de\/wp-content\/uploads\/Friseurinnen1-300x225.jpg 300w, https:\/\/web.bufamaschu.de\/wp-content\/uploads\/Friseurinnen1.jpg 640w\" sizes=\"auto, (max-width: 300px) 100vw, 300px\" \/><\/a><\/td>\n<\/tr>\n<tr>\n<td><\/td>\n<td style=\"text-align: center;\">\u00a0 Unser Friseurprojekt in Zusammenarbeit<br \/>\nmit Accart-Ville-Ouest<\/td>\n<td><\/td>\n<\/tr>\n<\/tbody>\n<\/table>\n<p>Erfreulicherweise\u00a0konnten wir in einem unserer Hilfscontainer eine Friseureinrichtung verschicken. Dies ist m\u00f6glich, da wir durch\u00a0Vermittlung der Fuldaer Friseurinnung<br \/>\nmehrere Waschbecken, Friseurst\u00fchle, Spiegel, Trockenhauben, Scheren und weiteres Material erhalten haben.<\/p>\n","protected":false},"excerpt":{"rendered":"<p>Gemeinsam mit APECH bilden wir seit Beginn des Schuljahres 2008\/2009\u00a0 M\u00e4dchen zu Hairstylistinnen aus. Bereits im ersten Jahr haben 30 M\u00e4dchen die Ausbildung absolviert. Die M\u00e4dchen kamen aus den Klasse 4-6 und waren zwischen 10 und 16 Jahren alt. Es handelt sich bei den Teilnehmenden um Kinder, die aus unterschiedlichen Gr\u00fcnden die Schule nach der [&hellip;]<\/p>\n","protected":false},"author":1,"featured_media":0,"parent":142,"menu_order":0,"comment_status":"closed","ping_status":"closed","template":"","meta":{"footnotes":""},"class_list":["post-251","page","type-page","status-publish","hentry"],"_links":{"self":[{"href":"https:\/\/web.bufamaschu.de\/index.php?rest_route=\/wp\/v2\/pages\/251","targetHints":{"allow":["GET"]}}],"collection":[{"href":"https:\/\/web.bufamaschu.de\/index.php?rest_route=\/wp\/v2\/pages"}],"about":[{"href":"https:\/\/web.bufamaschu.de\/index.php?rest_route=\/wp\/v2\/types\/page"}],"author":[{"embeddable":true,"href":"https:\/\/web.bufamaschu.de\/index.php?rest_route=\/wp\/v2\/users\/1"}],"replies":[{"embeddable":true,"href":"https:\/\/web.bufamaschu.de\/index.php?rest_route=%2Fwp%2Fv2%2Fcomments&post=251"}],"version-history":[{"count":7,"href":"https:\/\/web.bufamaschu.de\/index.php?rest_route=\/wp\/v2\/pages\/251\/revisions"}],"predecessor-version":[{"id":434,"href":"https:\/\/web.bufamaschu.de\/index.php?rest_route=\/wp\/v2\/pages\/251\/revisions\/434"}],"up":[{"embeddable":true,"href":"https:\/\/web.bufamaschu.de\/index.php?rest_route=\/wp\/v2\/pages\/142"}],"wp:attachment":[{"href":"https:\/\/web.bufamaschu.de\/index.php?rest_route=%2Fwp%2Fv2%2Fmedia&parent=251"}],"curies":[{"name":"wp","href":"https:\/\/api.w.org\/{rel}","templated":true}]}}