{"id":288,"date":"2013-07-24T14:22:01","date_gmt":"2013-07-24T12:22:01","guid":{"rendered":"http:\/\/web.bufamaschu.de\/?page_id=288"},"modified":"2016-01-25T11:20:39","modified_gmt":"2016-01-25T10:20:39","slug":"patenschaften-fur-schuler","status":"publish","type":"page","link":"https:\/\/web.bufamaschu.de\/?page_id=288","title":{"rendered":"Stipendien f\u00fcr Sch\u00fcler (Patenschaften)"},"content":{"rendered":"<div>\n<p><b>\u00c4nderung im Patenschaftssystem ab 2014<br \/>\nStipendien statt Patenschaften<\/b><\/p>\n<p>Im Rahmen der\u00a0 Jahreshauptversammlung 2013 wurde einstimmig beschlossen, dass die Unterst\u00fctzung f\u00fcr die Kinder in Ouagadougou und Bobo-Dioulasso ab dem Jahr 2014 von einer Patenschaft in ein Stipendium ge\u00e4ndert wird. Das Patenschaftssystem, wie es bislang existiert hat (Unterst\u00fctzung f\u00fcr ein Grundschulkind in H\u00f6he von 63,- EUR j\u00e4hrlich, Unterst\u00fctzung f\u00fcr ein Kind in der Sekundarstufe f\u00fcr 155,- EUR j\u00e4hrlich), wird durch ein einheitliches Stipendiensystem abgel\u00f6st.<\/p>\n<p>Die Paten zahlen die einheitliche Summe von <strong>100,- EUR pro Jahr<\/strong>. Diese Summe wird f\u00fcr den Schulbesuch, Medikamente oder Lebensmittel in Notzeiten aufgewendet, jedoch ohne den Austausch personalisierter Infos zwischen Paten und Kindern. Jeder Pate kann in Kontakt mit seinem Patenkind bleiben, erh\u00e4lt die Adresse in Burkina Faso und \u00fcbernimmt den Austausch in Eigenregie. Bei dem neuen Verfahren k\u00f6nnen auch die N\u00e4herinnen und in Zukunft andere Ausbildungsberufe aufgenommen werden.<\/p>\n<p>F\u00fcr 100 EUR k\u00f6nnen sich die Spender dann entscheiden, ob man einem Grundschulkind, einem Sch\u00fcler in der Mittelstufe oder einem M\u00e4dchen in der Ausbildung helfen m\u00f6chte.<\/p>\n<\/div>\n<p>Sie k\u00f6nnen <a href=\"https:\/\/web.bufamaschu.de\/wp-content\/uploads\/Stipendium-Antrag.pdf\" target=\"_blank\">hier<\/a> einen Antrag auf \u00dcbernahme eines Stipendiums herunterladen.<\/p>\n","protected":false},"excerpt":{"rendered":"<p>\u00c4nderung im Patenschaftssystem ab 2014 Stipendien statt Patenschaften Im Rahmen der\u00a0 Jahreshauptversammlung 2013 wurde einstimmig beschlossen, dass die Unterst\u00fctzung f\u00fcr die Kinder in Ouagadougou und Bobo-Dioulasso ab dem Jahr 2014 von einer Patenschaft in ein Stipendium ge\u00e4ndert wird. Das Patenschaftssystem, wie es bislang existiert hat (Unterst\u00fctzung f\u00fcr ein Grundschulkind in H\u00f6he von 63,- EUR j\u00e4hrlich, [&hellip;]<\/p>\n","protected":false},"author":1,"featured_media":0,"parent":142,"menu_order":0,"comment_status":"closed","ping_status":"closed","template":"","meta":{"footnotes":""},"class_list":["post-288","page","type-page","status-publish","hentry"],"_links":{"self":[{"href":"https:\/\/web.bufamaschu.de\/index.php?rest_route=\/wp\/v2\/pages\/288","targetHints":{"allow":["GET"]}}],"collection":[{"href":"https:\/\/web.bufamaschu.de\/index.php?rest_route=\/wp\/v2\/pages"}],"about":[{"href":"https:\/\/web.bufamaschu.de\/index.php?rest_route=\/wp\/v2\/types\/page"}],"author":[{"embeddable":true,"href":"https:\/\/web.bufamaschu.de\/index.php?rest_route=\/wp\/v2\/users\/1"}],"replies":[{"embeddable":true,"href":"https:\/\/web.bufamaschu.de\/index.php?rest_route=%2Fwp%2Fv2%2Fcomments&post=288"}],"version-history":[{"count":8,"href":"https:\/\/web.bufamaschu.de\/index.php?rest_route=\/wp\/v2\/pages\/288\/revisions"}],"predecessor-version":[{"id":865,"href":"https:\/\/web.bufamaschu.de\/index.php?rest_route=\/wp\/v2\/pages\/288\/revisions\/865"}],"up":[{"embeddable":true,"href":"https:\/\/web.bufamaschu.de\/index.php?rest_route=\/wp\/v2\/pages\/142"}],"wp:attachment":[{"href":"https:\/\/web.bufamaschu.de\/index.php?rest_route=%2Fwp%2Fv2%2Fmedia&parent=288"}],"curies":[{"name":"wp","href":"https:\/\/api.w.org\/{rel}","templated":true}]}}