{"id":293,"date":"2013-07-24T14:33:06","date_gmt":"2013-07-24T12:33:06","guid":{"rendered":"http:\/\/web.bufamaschu.de\/?page_id=293"},"modified":"2013-08-22T15:07:07","modified_gmt":"2013-08-22T13:07:07","slug":"afrika-festival","status":"publish","type":"page","link":"https:\/\/web.bufamaschu.de\/?page_id=293","title":{"rendered":"Afrika-Festival"},"content":{"rendered":"<p><span style=\"font-size: small;\"><span>1. Afrika-Festival Bad Salzschlirf<\/span><\/span><\/p>\n<p>Das 1. Afrika-Festival Bad Salzschlirf, ein Festival, welches von Bufamaschu in Kooperation mit der Gemeinde Bad Salzschlirf veranstaltet wurde, fand vom 23. Juli bis 1. August 2010 statt.<\/p>\n<p>Ziel des Festes war es, ein positives Bild von Burkina Faso und seinen Menschen zu vermitteln. Dies ist uns mit zahlreichen Konzerten, Workshops, Kunstausstellungen, einem Fu\u00dfballspiel &#8222;TuSPO-Bad Salzschlirf Allstars : Afrika-Auswahl&#8220;, M\u00e4rchen-Erz\u00e4hler, einem Afrikanischen Markt und vielem, vielem mehr gelungen.<\/p>\n<p>Besonders freut uns, dass wir durch Spenden und den Erl\u00f6s des Festet in der Lage waren, den Bau einer Krankenstation mit angegliedertem Geburtsraum in Ouolokoto, einem Dorf im Westen Burkina Fasos, zu bauen. Das Projekt konnte 2012 beendet werden.<\/p>\n<p>An dieser Stelle allen Helfern und Spendern herzlichen Dank daf\u00fcr, dass ihr den Bau der Krankenstation erm\u00f6glicht habt.<\/p>\n<p><span style=\"font-size: small;\"><span>Wer mehr erfahren m\u00f6chte, kann <a href=\"https:\/\/web.bufamaschu.de\/wp-content\/uploads\/Bericht-zum-Festival.pdf\">hier<\/a> einen kurzen Erfahrungsbericht downloaden.<\/span><\/span><\/p>\n","protected":false},"excerpt":{"rendered":"<p>1. Afrika-Festival Bad Salzschlirf Das 1. Afrika-Festival Bad Salzschlirf, ein Festival, welches von Bufamaschu in Kooperation mit der Gemeinde Bad Salzschlirf veranstaltet wurde, fand vom 23. Juli bis 1. August 2010 statt. Ziel des Festes war es, ein positives Bild von Burkina Faso und seinen Menschen zu vermitteln. Dies ist uns mit zahlreichen Konzerten, Workshops, [&hellip;]<\/p>\n","protected":false},"author":1,"featured_media":0,"parent":142,"menu_order":0,"comment_status":"closed","ping_status":"closed","template":"","meta":{"footnotes":""},"class_list":["post-293","page","type-page","status-publish","hentry"],"_links":{"self":[{"href":"https:\/\/web.bufamaschu.de\/index.php?rest_route=\/wp\/v2\/pages\/293","targetHints":{"allow":["GET"]}}],"collection":[{"href":"https:\/\/web.bufamaschu.de\/index.php?rest_route=\/wp\/v2\/pages"}],"about":[{"href":"https:\/\/web.bufamaschu.de\/index.php?rest_route=\/wp\/v2\/types\/page"}],"author":[{"embeddable":true,"href":"https:\/\/web.bufamaschu.de\/index.php?rest_route=\/wp\/v2\/users\/1"}],"replies":[{"embeddable":true,"href":"https:\/\/web.bufamaschu.de\/index.php?rest_route=%2Fwp%2Fv2%2Fcomments&post=293"}],"version-history":[{"count":5,"href":"https:\/\/web.bufamaschu.de\/index.php?rest_route=\/wp\/v2\/pages\/293\/revisions"}],"predecessor-version":[{"id":429,"href":"https:\/\/web.bufamaschu.de\/index.php?rest_route=\/wp\/v2\/pages\/293\/revisions\/429"}],"up":[{"embeddable":true,"href":"https:\/\/web.bufamaschu.de\/index.php?rest_route=\/wp\/v2\/pages\/142"}],"wp:attachment":[{"href":"https:\/\/web.bufamaschu.de\/index.php?rest_route=%2Fwp%2Fv2%2Fmedia&parent=293"}],"curies":[{"name":"wp","href":"https:\/\/api.w.org\/{rel}","templated":true}]}}