{"id":299,"date":"2013-07-24T14:39:21","date_gmt":"2013-07-24T12:39:21","guid":{"rendered":"http:\/\/web.bufamaschu.de\/?page_id=299"},"modified":"2013-08-22T16:00:59","modified_gmt":"2013-08-22T14:00:59","slug":"schulbau","status":"publish","type":"page","link":"https:\/\/web.bufamaschu.de\/?page_id=299","title":{"rendered":"Schulbau"},"content":{"rendered":"<p><strong>Bau eines Klassenzimmers<\/strong><br \/>\nGrundschule Accart-Ville Ouest, Bobo-Dioulasso<\/p>\n<p>&nbsp;<\/p>\n<p>Die \u00f6ffentliche Grundschule Accart-Ville Ouest war v\u00f6llig \u00fcberlaufen. So wurden allein im Schuljahr 2007\/2008<br \/>\n218 Erstkl\u00e4ssler eingeschult. Nachdem zun\u00e4chst in Schichten unterrichtet wurde, lieh<br \/>\nUNICEF ein Zelt, sodass nun je 109 Kinder in zwei ersten Klassen sa\u00dfen, eine davon im Zelt.<br \/>\nNachdem mit dem Bau am 26.November 2009 begonnen wurde, konnte das neue Klassenzimmer am<br \/>\n18. April 2010 mit einer offiziellen Zeremonie er\u00f6ffnet werden.<\/p>\n<p>Bei der Schl\u00fcssel\u00fcbergabe waren nicht nur unsere Partner von APECH anwesend, sondern auch der zust\u00e4ndige Schulamtsdirektor Herr Zerbo sowie der Stadtteilb\u00fcrgermeister.<\/p>\n<p><a href=\"https:\/\/web.bufamaschu.de\/wp-content\/uploads\/Klassenraum01.jpg\"><img loading=\"lazy\" decoding=\"async\" alt=\"DIGITAL CAMERA\" src=\"https:\/\/web.bufamaschu.de\/wp-content\/uploads\/Klassenraum01-300x224.jpg\" width=\"300\" height=\"224\" \/><\/a><\/p>\n<p>Ein herzliches Dankesch\u00f6n an alle Unterst\u00fctzer dieses Projekts!!!<\/p>\n<p>&nbsp;<\/p>\n<p>Die folgenden Fotos von Baubeginn bis zur ersten Unterrichtsstunde dokumentieren den Baufirtschritt<\/p>\n<p>&nbsp;<\/p>\n<table title=\"\" summary=\"\" border=\"0\" cellspacing=\"0\" cellpadding=\"0\">\n<tbody>\n<tr>\n<td>\n<p><figure id=\"attachment_301\" aria-describedby=\"caption-attachment-301\" style=\"width: 300px\" class=\"wp-caption alignnone\"><a href=\"https:\/\/web.bufamaschu.de\/wp-content\/uploads\/Klassenraum02.jpg\"><img loading=\"lazy\" decoding=\"async\" class=\"size-medium wp-image-301\" alt=\"Klassenraum02\" src=\"https:\/\/web.bufamaschu.de\/wp-content\/uploads\/Klassenraum02-300x225.jpg\" width=\"300\" height=\"225\" srcset=\"https:\/\/web.bufamaschu.de\/wp-content\/uploads\/Klassenraum02-300x225.jpg 300w, https:\/\/web.bufamaschu.de\/wp-content\/uploads\/Klassenraum02.jpg 704w\" sizes=\"auto, (max-width: 300px) 100vw, 300px\" \/><\/a><figcaption id=\"caption-attachment-301\" class=\"wp-caption-text\">Klassenraum in 2007<\/figcaption><\/figure><\/td>\n<td><span style=\"font-size: small;\"><br \/>\n<\/span><\/p>\n<p><figure id=\"attachment_302\" aria-describedby=\"caption-attachment-302\" style=\"width: 300px\" class=\"wp-caption alignnone\"><a href=\"https:\/\/web.bufamaschu.de\/wp-content\/uploads\/Klassenraum03.jpg\"><img loading=\"lazy\" decoding=\"async\" class=\"size-medium wp-image-302\" alt=\"DIGITAL CAMERA\" src=\"https:\/\/web.bufamaschu.de\/wp-content\/uploads\/Klassenraum03-300x224.jpg\" width=\"300\" height=\"224\" srcset=\"https:\/\/web.bufamaschu.de\/wp-content\/uploads\/Klassenraum03-300x224.jpg 300w, https:\/\/web.bufamaschu.de\/wp-content\/uploads\/Klassenraum03.jpg 448w\" sizes=\"auto, (max-width: 300px) 100vw, 300px\" \/><\/a><figcaption id=\"caption-attachment-302\" class=\"wp-caption-text\">Klassenraum seit April 2010<\/figcaption><\/figure><\/td>\n<\/tr>\n<tr>\n<td><\/td>\n<td><span style=\"font-size: small;\"><br \/>\n<\/span><\/td>\n<\/tr>\n<tr>\n<td><\/td>\n<td><\/td>\n<\/tr>\n<tr>\n<td>\n<p><figure id=\"attachment_303\" aria-describedby=\"caption-attachment-303\" style=\"width: 300px\" class=\"wp-caption alignnone\"><a href=\"https:\/\/web.bufamaschu.de\/wp-content\/uploads\/Klassenraum04.jpg\"><img loading=\"lazy\" decoding=\"async\" class=\"size-medium wp-image-303\" alt=\"DIGITAL CAMERA\" src=\"https:\/\/web.bufamaschu.de\/wp-content\/uploads\/Klassenraum04-300x210.jpg\" width=\"300\" height=\"210\" srcset=\"https:\/\/web.bufamaschu.de\/wp-content\/uploads\/Klassenraum04-300x210.jpg 300w, https:\/\/web.bufamaschu.de\/wp-content\/uploads\/Klassenraum04.jpg 448w\" sizes=\"auto, (max-width: 300px) 100vw, 300px\" \/><\/a><figcaption id=\"caption-attachment-303\" class=\"wp-caption-text\">Beginn der Arbeiten<\/figcaption><\/figure><\/td>\n<td>\n<p><figure id=\"attachment_304\" aria-describedby=\"caption-attachment-304\" style=\"width: 300px\" class=\"wp-caption alignnone\"><a href=\"https:\/\/web.bufamaschu.de\/wp-content\/uploads\/Klassenraum05.jpg\"><img loading=\"lazy\" decoding=\"async\" class=\"size-medium wp-image-304\" alt=\"DIGITAL CAMERA\" src=\"https:\/\/web.bufamaschu.de\/wp-content\/uploads\/Klassenraum05-300x211.jpg\" width=\"300\" height=\"211\" srcset=\"https:\/\/web.bufamaschu.de\/wp-content\/uploads\/Klassenraum05-300x211.jpg 300w, https:\/\/web.bufamaschu.de\/wp-content\/uploads\/Klassenraum05.jpg 448w\" sizes=\"auto, (max-width: 300px) 100vw, 300px\" \/><\/a><figcaption id=\"caption-attachment-304\" class=\"wp-caption-text\">Fundament<\/figcaption><\/figure><\/td>\n<\/tr>\n<tr>\n<td><span style=\"font-size: small;\"><br \/>\n<\/span><\/td>\n<td><\/td>\n<\/tr>\n<tr>\n<td><\/td>\n<td><\/td>\n<\/tr>\n<tr>\n<td>\n<p><figure id=\"attachment_305\" aria-describedby=\"caption-attachment-305\" style=\"width: 300px\" class=\"wp-caption alignnone\"><a href=\"https:\/\/web.bufamaschu.de\/wp-content\/uploads\/Klassenraum06.jpg\"><img loading=\"lazy\" decoding=\"async\" class=\"size-medium wp-image-305\" alt=\"DIGITAL CAMERA\" src=\"https:\/\/web.bufamaschu.de\/wp-content\/uploads\/Klassenraum06-300x224.jpg\" width=\"300\" height=\"224\" srcset=\"https:\/\/web.bufamaschu.de\/wp-content\/uploads\/Klassenraum06-300x224.jpg 300w, https:\/\/web.bufamaschu.de\/wp-content\/uploads\/Klassenraum06.jpg 448w\" sizes=\"auto, (max-width: 300px) 100vw, 300px\" \/><\/a><figcaption id=\"caption-attachment-305\" class=\"wp-caption-text\">Sichtbarer Fortschritt<\/figcaption><\/figure><\/td>\n<td>\n<p><figure id=\"attachment_306\" aria-describedby=\"caption-attachment-306\" style=\"width: 300px\" class=\"wp-caption alignnone\"><a href=\"https:\/\/web.bufamaschu.de\/wp-content\/uploads\/Klassenraum07.jpg\"><img loading=\"lazy\" decoding=\"async\" class=\"size-medium wp-image-306\" alt=\"DIGITAL CAMERA\" src=\"https:\/\/web.bufamaschu.de\/wp-content\/uploads\/Klassenraum07-300x202.jpg\" width=\"300\" height=\"202\" srcset=\"https:\/\/web.bufamaschu.de\/wp-content\/uploads\/Klassenraum07-300x202.jpg 300w, https:\/\/web.bufamaschu.de\/wp-content\/uploads\/Klassenraum07.jpg 448w\" sizes=\"auto, (max-width: 300px) 100vw, 300px\" \/><\/a><figcaption id=\"caption-attachment-306\" class=\"wp-caption-text\">Vor der Fertigstellung<\/figcaption><\/figure><\/td>\n<\/tr>\n<tr>\n<td><span style=\"font-size: small;\"><br \/>\n<\/span><\/td>\n<td><\/td>\n<\/tr>\n<tr>\n<td><span style=\"font-size: small;\">\u00a0<\/span><\/td>\n<td><\/td>\n<\/tr>\n<tr>\n<td>\n<p><figure id=\"attachment_307\" aria-describedby=\"caption-attachment-307\" style=\"width: 300px\" class=\"wp-caption alignnone\"><a href=\"https:\/\/web.bufamaschu.de\/wp-content\/uploads\/Klassenraum08.jpg\"><img loading=\"lazy\" decoding=\"async\" class=\"size-medium wp-image-307\" alt=\"DIGITAL CAMERA\" src=\"https:\/\/web.bufamaschu.de\/wp-content\/uploads\/Klassenraum08-300x224.jpg\" width=\"300\" height=\"224\" srcset=\"https:\/\/web.bufamaschu.de\/wp-content\/uploads\/Klassenraum08-300x224.jpg 300w, https:\/\/web.bufamaschu.de\/wp-content\/uploads\/Klassenraum08.jpg 448w\" sizes=\"auto, (max-width: 300px) 100vw, 300px\" \/><\/a><figcaption id=\"caption-attachment-307\" class=\"wp-caption-text\">Einweihung durch die \u00c4ltesten<\/figcaption><\/figure><\/td>\n<td>\n<p><figure id=\"attachment_308\" aria-describedby=\"caption-attachment-308\" style=\"width: 300px\" class=\"wp-caption alignnone\"><a href=\"https:\/\/web.bufamaschu.de\/wp-content\/uploads\/Klassenraum09.jpg\"><img loading=\"lazy\" decoding=\"async\" class=\"size-medium wp-image-308\" alt=\"DIGITAL CAMERA\" src=\"https:\/\/web.bufamaschu.de\/wp-content\/uploads\/Klassenraum09-300x224.jpg\" width=\"300\" height=\"224\" srcset=\"https:\/\/web.bufamaschu.de\/wp-content\/uploads\/Klassenraum09-300x224.jpg 300w, https:\/\/web.bufamaschu.de\/wp-content\/uploads\/Klassenraum09.jpg 448w\" sizes=\"auto, (max-width: 300px) 100vw, 300px\" \/><\/a><figcaption id=\"caption-attachment-308\" class=\"wp-caption-text\">Die erste Schulstunde im neuen Klassenraum<\/figcaption><\/figure><\/td>\n<\/tr>\n<tr>\n<td><\/td>\n<td><span style=\"font-size: small;\"><br \/>\n<\/span><\/td>\n<\/tr>\n<\/tbody>\n<\/table>\n","protected":false},"excerpt":{"rendered":"<p>Bau eines Klassenzimmers Grundschule Accart-Ville Ouest, Bobo-Dioulasso &nbsp; Die \u00f6ffentliche Grundschule Accart-Ville Ouest war v\u00f6llig \u00fcberlaufen. So wurden allein im Schuljahr 2007\/2008 218 Erstkl\u00e4ssler eingeschult. Nachdem zun\u00e4chst in Schichten unterrichtet wurde, lieh UNICEF ein Zelt, sodass nun je 109 Kinder in zwei ersten Klassen sa\u00dfen, eine davon im Zelt. Nachdem mit dem Bau am 26.November [&hellip;]<\/p>\n","protected":false},"author":1,"featured_media":0,"parent":142,"menu_order":0,"comment_status":"closed","ping_status":"closed","template":"","meta":{"footnotes":""},"class_list":["post-299","page","type-page","status-publish","hentry"],"_links":{"self":[{"href":"https:\/\/web.bufamaschu.de\/index.php?rest_route=\/wp\/v2\/pages\/299","targetHints":{"allow":["GET"]}}],"collection":[{"href":"https:\/\/web.bufamaschu.de\/index.php?rest_route=\/wp\/v2\/pages"}],"about":[{"href":"https:\/\/web.bufamaschu.de\/index.php?rest_route=\/wp\/v2\/types\/page"}],"author":[{"embeddable":true,"href":"https:\/\/web.bufamaschu.de\/index.php?rest_route=\/wp\/v2\/users\/1"}],"replies":[{"embeddable":true,"href":"https:\/\/web.bufamaschu.de\/index.php?rest_route=%2Fwp%2Fv2%2Fcomments&post=299"}],"version-history":[{"count":7,"href":"https:\/\/web.bufamaschu.de\/index.php?rest_route=\/wp\/v2\/pages\/299\/revisions"}],"predecessor-version":[{"id":465,"href":"https:\/\/web.bufamaschu.de\/index.php?rest_route=\/wp\/v2\/pages\/299\/revisions\/465"}],"up":[{"embeddable":true,"href":"https:\/\/web.bufamaschu.de\/index.php?rest_route=\/wp\/v2\/pages\/142"}],"wp:attachment":[{"href":"https:\/\/web.bufamaschu.de\/index.php?rest_route=%2Fwp%2Fv2%2Fmedia&parent=299"}],"curies":[{"name":"wp","href":"https:\/\/api.w.org\/{rel}","templated":true}]}}