{"id":33,"date":"2013-07-23T09:48:46","date_gmt":"2013-07-23T07:48:46","guid":{"rendered":"http:\/\/web.bufamaschu.de\/?page_id=33"},"modified":"2020-01-19T18:50:39","modified_gmt":"2020-01-19T17:50:39","slug":"aktuelles","status":"publish","type":"page","link":"https:\/\/web.bufamaschu.de\/?page_id=33","title":{"rendered":"Aktuelles"},"content":{"rendered":"<p>2020<\/p>\n<p>F\u00fcr die unabh\u00e4ngige Stromversorgung unserer Kranenstation wurde ein Generator installiert.<\/p>\n<p>2019<\/p>\n<p>Der Anbau der Radiologieabteilung ist abgeschlossen. Das R\u00f6ntgenger\u00e4t wurde Ende Dezember installiert. Mehr zum Baufortschritt ist zu finden unter dem Men\u00fcpunkt &#8222;Projekte&#8220;.<\/p>\n<p>2018<\/p>\n<p>Die Krankenstation Miriya in Bobo-Dioulasso arbeitet sehr erfolgreich. Um den Status der Einrichtung zu verbessern und auch die Einnahmensituation von Miriya zu optimieren, ist der Anbau einer Radiologie geplant. Da der finanzielle Umfang dieses Projektes, welches aus einem Anbau sowie dem Kauf eines R\u00f6ntgenger\u00e4tes besteht, sehr hoch ist, soll hierzu wieder ein Antrag beim BMZ gestellt werden.<\/p>\n<p>2017<\/p>\n<p>Die laufenden Projekte und vor allem der Betrieb der neuen Krankenstation mit unterschiedlichen Aktionen stehen im Mittelpunkt der Vereinsarbeit. Neue Projekte konnten aus gesundheitlichen Gr\u00fcnden nicht in dem Ma\u00dfe angegangen werden, wie dies eigentlich geplant war und eine Projektreise, die im Oktober 2017 stattfinden sollte, musste ebenfalls abgesagt werden.<\/p>\n<p>10.10.2016<\/p>\n<p><strong>Besuch unserer Partner aus Burkina Faso<\/strong><\/p>\n<p>Der Terminkalender ist prall gef\u00fcllt und unsere beiden G\u00e4ste Saga Zaba und Yamba Nana, die Vereinsvorsitzenden unseres Partnerverein APECH, stehen allen Interessierten f\u00fcr Fragen zur Verf\u00fcgung.<\/p>\n<p><img loading=\"lazy\" decoding=\"async\" class=\"alignright size-medium wp-image-768\" src=\"https:\/\/web.bufamaschu.de\/wp-content\/uploads\/IMG_2330-e1476048315944-300x225.jpg\" alt=\"Herz-Jesu-Krankenhaus\" width=\"300\" height=\"225\" srcset=\"https:\/\/web.bufamaschu.de\/wp-content\/uploads\/IMG_2330-e1476048315944-300x225.jpg 300w, https:\/\/web.bufamaschu.de\/wp-content\/uploads\/IMG_2330-e1476048315944-768x576.jpg 768w, https:\/\/web.bufamaschu.de\/wp-content\/uploads\/IMG_2330-e1476048315944-1024x768.jpg 1024w\" sizes=\"auto, (max-width: 300px) 100vw, 300px\" \/>In Gespr\u00e4chen mit Schulklassen k\u00f6nnen Kinder aus erster Hand erfahren, wie beispielsweise der Schulalltag in Burkina ist, wie Kinder aus Abf\u00e4llen Spielzeug basteln oder mit wieviel Geld Medikamente gekauft und Menschenleben gerettet werden k\u00f6nnen.<\/p>\n<p>Bei einem Besuch im Herz-Jesu-Krankenhaus Fulda informierten sich die beiden \u00fcber die Gesundheitsversorgung in Deutschland. Noch bis zum 22.10.2016 sind die beiden in Deutschland. Im Rahmen eines Benefizkonzertes in G\u00f6risried im Allg\u00e4u werden sie als Abordnung von APECH erwartet. Der Verein Bufamaschu G\u00d6 e.V. f\u00fchrt diese Veranstaltung regelm\u00e4\u00dfig durch und aquiriert durch diesen Heimatabend Spenden, die in Projekte in Burkina Faso flie\u00dfen.<\/p>\n<p>29.05.2016<\/p>\n<p><strong>Das erste Baby<\/strong><\/p>\n<p><img loading=\"lazy\" decoding=\"async\" class=\"size-medium wp-image-759 alignleft\" src=\"https:\/\/web.bufamaschu.de\/wp-content\/uploads\/Erstes-Baby-Miriya-1464551457646-300x169.jpg\" alt=\"Das erste Baby in &quot;Miriya&quot;\" width=\"300\" height=\"169\" srcset=\"https:\/\/web.bufamaschu.de\/wp-content\/uploads\/Erstes-Baby-Miriya-1464551457646-300x169.jpg 300w, https:\/\/web.bufamaschu.de\/wp-content\/uploads\/Erstes-Baby-Miriya-1464551457646-768x432.jpg 768w, https:\/\/web.bufamaschu.de\/wp-content\/uploads\/Erstes-Baby-Miriya-1464551457646-1024x576.jpg 1024w, https:\/\/web.bufamaschu.de\/wp-content\/uploads\/Erstes-Baby-Miriya-1464551457646.jpg 1280w\" sizes=\"auto, (max-width: 300px) 100vw, 300px\" \/>Am Abend des 29.Mai 2016 wurde das erste Baby im Mutter-Kind-Zentrum der Krankenstation &#8222;Miriya&#8220; geboren.<\/p>\n<p>Die Mutter Kalidiata Sankara sowie ihre kleinen Tochter, deren Namen wir erst in 7 Tagen erfahren, sind beide wohlauf!<\/p>\n<p>Nachdem die offizielle Einweihung bereits einige Monate zur\u00fccklag und die Krankenstation mit den beh\u00f6rdlichen H\u00fcrden Burkinas und dem Elektrizit\u00e4tswerk zu k\u00e4mpfen hatte, ist nun der Betrieb gew\u00e4hrleistet und das Krankenhaus &#8222;am Netz&#8220;.<\/p>\n<div id='gallery-1' class='gallery galleryid-33 gallery-columns-2 gallery-size-thumbnail'><figure class='gallery-item'>\n\t\t\t<div class='gallery-icon landscape'>\n\t\t\t\t<a href='https:\/\/web.bufamaschu.de\/?attachment_id=758'><img loading=\"lazy\" decoding=\"async\" width=\"150\" height=\"150\" src=\"https:\/\/web.bufamaschu.de\/wp-content\/uploads\/1464385105048_resized_2-150x150.jpg\" class=\"attachment-thumbnail size-thumbnail\" alt=\"\" aria-describedby=\"gallery-1-758\" \/><\/a>\n\t\t\t<\/div>\n\t\t\t\t<figcaption class='wp-caption-text gallery-caption' id='gallery-1-758'>\n\t\t\t\tKrankenstation in Bobo-Dioulasso\n\t\t\t\t<\/figcaption><\/figure><figure class='gallery-item'>\n\t\t\t<div class='gallery-icon landscape'>\n\t\t\t\t<a href='https:\/\/web.bufamaschu.de\/?attachment_id=757'><img loading=\"lazy\" decoding=\"async\" width=\"150\" height=\"150\" src=\"https:\/\/web.bufamaschu.de\/wp-content\/uploads\/1464385025950_resized_2-150x150.jpg\" class=\"attachment-thumbnail size-thumbnail\" alt=\"\" \/><\/a>\n\t\t\t<\/div><\/figure><figure class='gallery-item'>\n\t\t\t<div class='gallery-icon landscape'>\n\t\t\t\t<a href='https:\/\/web.bufamaschu.de\/?attachment_id=756'><img loading=\"lazy\" decoding=\"async\" width=\"150\" height=\"150\" src=\"https:\/\/web.bufamaschu.de\/wp-content\/uploads\/1464385022684_resized_2-150x150.jpg\" class=\"attachment-thumbnail size-thumbnail\" alt=\"\" \/><\/a>\n\t\t\t<\/div><\/figure><figure class='gallery-item'>\n\t\t\t<div class='gallery-icon landscape'>\n\t\t\t\t<a href='https:\/\/web.bufamaschu.de\/?attachment_id=755'><img loading=\"lazy\" decoding=\"async\" width=\"150\" height=\"150\" src=\"https:\/\/web.bufamaschu.de\/wp-content\/uploads\/1464385016530_resized_2-150x150.jpg\" class=\"attachment-thumbnail size-thumbnail\" alt=\"\" \/><\/a>\n\t\t\t<\/div><\/figure>\n\t\t<\/div>\n\n<p>Die Apotheke ist eingerichtet, das Team bereit f\u00fcr einen erwarteten gro\u00dfen Ansturm.<\/p>\n<p>20.02.2016<\/p>\n<p><strong>Reisebericht unserer Reise 2015\/2016<\/strong><\/p>\n<p><a href=\"https:\/\/web.bufamaschu.de\/wp-content\/uploads\/Reisebericht-Bufamaschu-2016.pdf\" target=\"_blank\" rel=\"noopener noreferrer\">Hier<\/a> k\u00f6nnen Sie einen ausf\u00fchrlichen Reisebericht unserer letzten Reise lesen.<\/p>\n<p>22.01.2016<\/p>\n<p><strong>Der Brunnen in Noumoudara<\/strong><\/p>\n<figure id=\"attachment_727\" aria-describedby=\"caption-attachment-727\" style=\"width: 500px\" class=\"wp-caption alignright\"><img loading=\"lazy\" decoding=\"async\" class=\"wp-image-727 size-large\" src=\"https:\/\/web.bufamaschu.de\/wp-content\/uploads\/16-01-21-Eichenzell-Uebergabe-Geschenke-Noumoudara-1024x768.jpg\" alt=\"Alle Sch\u00fclerinnen und Sch\u00fcler sowie das komplette Kollegium der Grundschule Eichenzell versammelten sich, um die Geschenke aus Noumoudara entgegen zu nehmen\" width=\"500\" height=\"375\" srcset=\"https:\/\/web.bufamaschu.de\/wp-content\/uploads\/16-01-21-Eichenzell-Uebergabe-Geschenke-Noumoudara-1024x768.jpg 1024w, https:\/\/web.bufamaschu.de\/wp-content\/uploads\/16-01-21-Eichenzell-Uebergabe-Geschenke-Noumoudara-300x225.jpg 300w, https:\/\/web.bufamaschu.de\/wp-content\/uploads\/16-01-21-Eichenzell-Uebergabe-Geschenke-Noumoudara-768x576.jpg 768w, https:\/\/web.bufamaschu.de\/wp-content\/uploads\/16-01-21-Eichenzell-Uebergabe-Geschenke-Noumoudara.jpg 1280w\" sizes=\"auto, (max-width: 500px) 100vw, 500px\" \/><figcaption id=\"caption-attachment-727\" class=\"wp-caption-text\">Alle Sch\u00fclerinnen und Sch\u00fcler sowie das komplette Kollegium der Grundschule Eichenzell versammelten sich, um die Geschenke aus Noumoudara entgegen zu nehmen<\/figcaption><\/figure>\n<p>Ob in der K\u00fcche, im Badezimmer oder in der Toilette &#8211; Sauberes Wasser ist f\u00fcr uns zu jeder Zeit verf\u00fcgbar und zu einer Selbstverst\u00e4ndlichkeit geworden, \u00fcber die man nicht nachdenkt. Doch ist die weltweite Versorgung mit Trinkwasser keineswegs &#8222;Normalzustand&#8220;.<br \/>\nDie Grundschule in Eichenzell, die seit 2014 eine Partnerschaft mit einer Schule in Burkina Faso pflegt, hat das Thema &#8222;Wasser&#8220; im Rahmen eines Projektes und eines Schulfestes aufgegriffen, um zum einen auf die Situation in dem westafrikanischen Land hinzuweisen, aber auch in diesem speziellen Fall dem Dorf Noumoudara zu sauberem Wasser zu verhelfen. Die Einnahmen aus einem Spendenlauf und einem Schulfest wurden f\u00fcr den Bau eines Brunnens verwendet. Mit der Unterst\u00fctzung des Vereins Bufamaschu e.V. wurden die Bohrarbeiten initiiert und der \u00fcber 100 Meter tiefe Brunnen gebaut.<br \/>\nVor wenigen Tagen war eine Delegation des Vereins Bufamaschu e.V. in Burkina Faso und besuchte das Dorf, den Brunnen und viele freundliche Kinder, Frauen und M\u00e4nner.<br \/>\nDie gesamte Dorfgemeinschaft hie\u00df die Gruppe aus Deutschland herzlich willkommen und versammelte sich, um den Menschen aus Deutschland zu danken.<br \/>\nEine 12-j\u00e4hrige Sch\u00fclerin bedankte sich im Namen der Schule und der Dorfgemeinschaft f\u00fcr den Bau des Brunnens und die vielen positiven Auswirkungen. Der morgendliche einst\u00fcndige Fu\u00dfmarsch zum n\u00e4chstgelegenen Brunnen sei nun nicht mehr notwendig, ebenso das \u00dcberqueren einer gef\u00e4hrlichen Stra\u00dfe, was in der Vergangenheit zu zahlreichen Unf\u00e4llen gef\u00fchrt habe.<\/p>\n<p>Die Elternvertretung der Schule Noumoudaras \u00fcberreichte gemeinsam mit dem Schulleiter den G\u00e4sten aus Deutschland Geschenke, die von den Vertretern Bufamaschus entgegengenommen wurden. Klaus Listmann, Vorstandsmitglied von Bufamaschu, \u00fcberreichte nun die zwei traditionell gefertigten H\u00fcte und eine handgeschnitzte Holzfigur an die Grundschule Eichenzell.<br \/>\nSchulleiter Matthias Dente sowie die komplette Sch\u00fclerschaft und das Kollegium versammelten sich auf dem Schulhof, um die Geschenke entgegen zu nehmen. Dente freute sich \u00fcber die R\u00fcckmeldung aus Noumoudara und deutete bereits an, dass es Ideen f\u00fcr ein neues Projekt g\u00e4be.<br \/>\nBereits mehrfach hatten sich die Sch\u00fclerinnen und Sch\u00fcler untereinander Briefe geschrieben und Bilder gemalt. Dieser Austausch auf kultureller Ebene soll auch weiterhin gepflegt werden.<\/p>\n<hr \/>\n<p>19.1.2016<\/p>\n<p><strong>Er\u00f6ffnung der Krankenstation in Bobo-Dioulasso<\/strong><\/p>\n<p>Im Rahmen unserer letzten Reise konnten wir am 31.12.2015 an der Er\u00f6ffnungsveranstaltung der Krankenstation &#8222;Miriya&#8220; in Bobo-Dioulasso teilnehmen.<\/p>\n<p>Diese Feier werden wir nie vergessen. Danke an APECH, unserem Partnerverein, und hier besonders Saga und Nana. 1000 Menschen waren dabei, als eine Vertreterin der Frauen, ein Repr\u00e4sentant des Stadtteils, unser Freund Saga und Anja sowie der Oberb\u00fcrgermeister von Bobo-Dioulasso eine kurze Ansprache halten konnten.<\/p>\n<div id='gallery-2' class='gallery galleryid-33 gallery-columns-3 gallery-size-thumbnail'><figure class='gallery-item'>\n\t\t\t<div class='gallery-icon landscape'>\n\t\t\t\t<a href='https:\/\/web.bufamaschu.de\/?attachment_id=711'><img loading=\"lazy\" decoding=\"async\" width=\"150\" height=\"150\" src=\"https:\/\/web.bufamaschu.de\/wp-content\/uploads\/Eroeffnung-Miriya01jpg-150x150.jpg\" class=\"attachment-thumbnail size-thumbnail\" alt=\"\" \/><\/a>\n\t\t\t<\/div><\/figure><figure class='gallery-item'>\n\t\t\t<div class='gallery-icon landscape'>\n\t\t\t\t<a href='https:\/\/web.bufamaschu.de\/?attachment_id=712'><img loading=\"lazy\" decoding=\"async\" width=\"150\" height=\"150\" src=\"https:\/\/web.bufamaschu.de\/wp-content\/uploads\/Eroeffnung-Miriya02jpg-150x150.jpg\" class=\"attachment-thumbnail size-thumbnail\" alt=\"\" aria-describedby=\"gallery-2-712\" \/><\/a>\n\t\t\t<\/div>\n\t\t\t\t<figcaption class='wp-caption-text gallery-caption' id='gallery-2-712'>\n\t\t\t\tEr\u00f6ffnungsjahr 2015\n\t\t\t\t<\/figcaption><\/figure><figure class='gallery-item'>\n\t\t\t<div class='gallery-icon landscape'>\n\t\t\t\t<a href='https:\/\/web.bufamaschu.de\/?attachment_id=713'><img loading=\"lazy\" decoding=\"async\" width=\"150\" height=\"150\" src=\"https:\/\/web.bufamaschu.de\/wp-content\/uploads\/Eroeffnung-Miriya03jpg-150x150.jpg\" class=\"attachment-thumbnail size-thumbnail\" alt=\"\" \/><\/a>\n\t\t\t<\/div><\/figure>\n\t\t<\/div>\n\n<p>Am Ende wurden die Worte des Liedes Imagine von John Lennon im Wechel in Franz\u00f6sisch und Dioula vorgetragen. Die Idea<span class=\"text_exposed_show\">le in diesem Lied haben APECH und uns immer begleitet und stehen f\u00fcr die erste Krankenstation, in der die \u00c4rmsten der Armen kostenfrei behandelt werden. MIRIYA hei\u00dft die neue Krankenstation. Und MIRIYA ist Dioula und bedeutet &#8222;Imagine&#8220;. <\/span><\/p>\n<p><span class=\"text_exposed_show\">Im burkinischen Fernsehsender rtb lief im Regionalprogramm und zus\u00e4tzlich im nationalen Programm ein Bericht der Er\u00f6ffnung. <\/span><\/p>\n<p><span class=\"text_exposed_show\">Das Interesse der Menschen und die Herzlichkeit, mit der wir hier willkommen gehei\u00dfen werden, ist besch\u00e4mend. Uns fehlen oft die Worte.<\/span><\/p>\n<p>Einige Hintergrundinformationen zum Bau der Krankenstation:<\/p>\n<p>Die Mittel f\u00fcr den Bau werden zu 75% vom BMZ (Entwicklungshilfegelder) getragen. Die \u00fcbrigen 25% m\u00fcssen wir aus Spenden finanzieren. Bei einem Volumen von \u00fcber 106.000 EUR ist unser Verein mit ca. 30.000 EUR beteiligt.<\/p>\n<p>Die Personengruppe, die vom Bau der Krankenstation profitieren, sind die 73.000 Einwohner der Sektoren 21, 22 und 29 im Arrondissement 7 der Stadt Bobo-Dioulasso im Westen des Landes mit insgesamt ca. 560.000 Einwohnern. Insbesondere sollen benachteiligte Frauen und Kinder angesprochen werden, die sich aufgrund ihrer finanziellen Lage nur unzureichend oder keine medizinische Versorgung leisten k\u00f6nnen.<\/p>\n<p>In Sektor 29 befindet sich ein Terrain mit einer Gesamtfl\u00e4che von 1580 m\u00b2, welches unserem Partnerverein APECH von der Stadtverwaltung Bobo-Dioulassos \u00fcbereignet wurde zu dem Zweck, hier in Kooperation mit uns als Partner eine Krankenstation zu errichten.<\/p>\n<p>Erstmalig in der Geschichte Burkina-Fasos haben wir gemeinsam mit unserem Partner APECH ein Konzept entwickelt, welches es den \u00e4rmsten 150 Familien der Sektoren 21, 22 und 29 erm\u00f6glichen soll, kostenfrei medizinische Hilfe zu erhalten. Finanziert wird dieses Konzept nach der Anschubfinanzierung durch Bufamaschu mit Einnahmen aus der Apotheke sowie Mehreinnahmen aufgrund der au\u00dfergew\u00f6hnlich guten technischen Ausstattung der Krankenstation.<\/p>\n<p>Die Zielsetzung der geplanten Ma\u00dfnahme, des Baus eines Gesundheitszentrums (<em>dispensaire communitaire<\/em>) ist vielschichtig und beinhaltet:<\/p>\n<p>&#8211; \u00a0\u00a0\u00a0\u00a0\u00a0\u00a0\u00a0\u00a0\u00a0\u00a0\u00a0\u00a0 Erh\u00f6hung der Zugangsrate der Bewohner zu medizinischer Versorgung,<\/p>\n<p>&#8211;\u00a0\u00a0\u00a0\u00a0\u00a0\u00a0\u00a0\u00a0\u00a0\u00a0\u00a0\u00a0\u00a0 kostenfreie Behandlung von 150 besonders bed\u00fcrftigen Familien,<\/p>\n<p>&#8211; \u00a0\u00a0\u00a0\u00a0\u00a0\u00a0\u00a0\u00a0\u00a0\u00a0\u00a0\u00a0 kosteng\u00fcnstige medizinische Behandlung der Bev\u00f6lkerung,<\/p>\n<p>&#8211; \u00a0\u00a0\u00a0\u00a0\u00a0\u00a0\u00a0\u00a0\u00a0\u00a0\u00a0\u00a0 periodische Sensibilisierungskampagnen zu den Themen Hygiene, AIDS, Beschneidung, Verh\u00fctung<\/p>\n<p>&#8211;\u00a0\u00a0\u00a0\u00a0\u00a0\u00a0\u00a0\u00a0\u00a0\u00a0\u00a0\u00a0\u00a0 F\u00f6rderung des Erfahrungsaustausches zwischen burkinischem und deutschem Personal im medizinischen Bereich.<\/p>\n<p>Die langfristigen Ziele der geplanten Krankenstation:<\/p>\n<p>&#8211;\u00a0\u00a0\u00a0\u00a0\u00a0\u00a0\u00a0\u00a0\u00a0\u00a0\u00a0\u00a0\u00a0 Aufbau einer medizinischen Grundversorgung,<\/p>\n<p>&#8211; \u00a0\u00a0\u00a0\u00a0\u00a0\u00a0\u00a0\u00a0\u00a0\u00a0\u00a0\u00a0 Reduzierung der Krankheits- und Sterblichkeitsrate in der Bev\u00f6lkerung,<\/p>\n<p>&#8211; \u00a0\u00a0\u00a0\u00a0\u00a0\u00a0\u00a0\u00a0\u00a0\u00a0\u00a0\u00a0 Schwangerschaftsvor- und -nachsorge,<\/p>\n<p>&#8211; \u00a0\u00a0\u00a0\u00a0\u00a0\u00a0\u00a0\u00a0\u00a0\u00a0\u00a0\u00a0 Entbindungen mit medizinischer Unterst\u00fctzung in w\u00fcrdevoller Umgebung,<\/p>\n<p>&#8211; \u00a0\u00a0\u00a0\u00a0\u00a0\u00a0\u00a0\u00a0\u00a0\u00a0\u00a0\u00a0 medizinisches Fachpersonal bei Komplikationen w\u00e4hrend Schwangerschaft und Geburt,<\/p>\n<p>&#8211; \u00a0\u00a0\u00a0\u00a0\u00a0\u00a0\u00a0\u00a0\u00a0\u00a0\u00a0\u00a0 einmal w\u00f6chentlich Anwesenheit eines Zahnarztes,<\/p>\n<p>&#8211; \u00a0\u00a0\u00a0\u00a0\u00a0\u00a0\u00a0\u00a0\u00a0\u00a0\u00a0\u00a0 technisch aufw\u00e4ndige Untersuchungen mit R\u00f6ntgen- und Ultraschallger\u00e4t,<\/p>\n<p>&#8211; \u00a0\u00a0\u00a0\u00a0\u00a0\u00a0\u00a0\u00a0\u00a0\u00a0\u00a0\u00a0 Apotheke mit subventionierten Medikamenten f\u00fcr die sozial Schw\u00e4chsten,<\/p>\n<p>&#8211;\u00a0\u00a0\u00a0\u00a0\u00a0\u00a0\u00a0\u00a0\u00a0\u00a0\u00a0\u00a0\u00a0 Labor mit Blutuntersuchungsm\u00f6glichkeiten,<\/p>\n<p>&#8211; \u00a0\u00a0\u00a0\u00a0\u00a0\u00a0\u00a0\u00a0\u00a0\u00a0\u00a0\u00a0 Aufkl\u00e4rungskampagnen und Schulungen zu verschiedenen Themen im Gesundheitsbereich<br \/>\n(Verh\u00fctung, Aufkl\u00e4rung, weibliche Beschneidung, Hygiene, Ern\u00e4hrung, Wasser, Moskitoschutz).<\/p>\n","protected":false},"excerpt":{"rendered":"<p>2020 F\u00fcr die unabh\u00e4ngige Stromversorgung unserer Kranenstation wurde ein Generator installiert. 2019 Der Anbau der Radiologieabteilung ist abgeschlossen. Das R\u00f6ntgenger\u00e4t wurde Ende Dezember installiert. Mehr zum Baufortschritt ist zu finden unter dem Men\u00fcpunkt &#8222;Projekte&#8220;. 2018 Die Krankenstation Miriya in Bobo-Dioulasso arbeitet sehr erfolgreich. Um den Status der Einrichtung zu verbessern und auch die Einnahmensituation von [&hellip;]<\/p>\n","protected":false},"author":1,"featured_media":0,"parent":139,"menu_order":0,"comment_status":"closed","ping_status":"closed","template":"","meta":{"footnotes":""},"class_list":["post-33","page","type-page","status-publish","hentry"],"_links":{"self":[{"href":"https:\/\/web.bufamaschu.de\/index.php?rest_route=\/wp\/v2\/pages\/33","targetHints":{"allow":["GET"]}}],"collection":[{"href":"https:\/\/web.bufamaschu.de\/index.php?rest_route=\/wp\/v2\/pages"}],"about":[{"href":"https:\/\/web.bufamaschu.de\/index.php?rest_route=\/wp\/v2\/types\/page"}],"author":[{"embeddable":true,"href":"https:\/\/web.bufamaschu.de\/index.php?rest_route=\/wp\/v2\/users\/1"}],"replies":[{"embeddable":true,"href":"https:\/\/web.bufamaschu.de\/index.php?rest_route=%2Fwp%2Fv2%2Fcomments&post=33"}],"version-history":[{"count":50,"href":"https:\/\/web.bufamaschu.de\/index.php?rest_route=\/wp\/v2\/pages\/33\/revisions"}],"predecessor-version":[{"id":858,"href":"https:\/\/web.bufamaschu.de\/index.php?rest_route=\/wp\/v2\/pages\/33\/revisions\/858"}],"up":[{"embeddable":true,"href":"https:\/\/web.bufamaschu.de\/index.php?rest_route=\/wp\/v2\/pages\/139"}],"wp:attachment":[{"href":"https:\/\/web.bufamaschu.de\/index.php?rest_route=%2Fwp%2Fv2%2Fmedia&parent=33"}],"curies":[{"name":"wp","href":"https:\/\/api.w.org\/{rel}","templated":true}]}}