{"id":37,"date":"2013-07-23T14:54:41","date_gmt":"2013-07-23T12:54:41","guid":{"rendered":"http:\/\/web.bufamaschu.de\/?page_id=37"},"modified":"2013-07-23T15:17:04","modified_gmt":"2013-07-23T13:17:04","slug":"bildung-in-zahlen","status":"publish","type":"page","link":"https:\/\/web.bufamaschu.de\/?page_id=37","title":{"rendered":"Bildung in Zahlen"},"content":{"rendered":"<p>Im Folgenden einige Zahlen,\u00a0die die mangelhafte Bildungsversorgung f\u00fcr Kinder und Jugendliche &#8211; und vor allem f\u00fcr M\u00e4dchen &#8211; dokumentieren.<br \/>\nDie Zahlen stammen aus einer Datenerhebung der Unesco aus dem Jahr 2005, der UN Common Database (UNESCO).<\/p>\n<p><strong>Alphabetisierung<\/strong><\/p>\n<p>&nbsp;<\/p>\n<table title=\"\" summary=\"\" border=\"1\" cellspacing=\"0\" cellpadding=\"0\">\n<tbody>\n<tr>\n<td>Jahr<\/td>\n<td>1980<\/td>\n<td>1985<\/td>\n<td>1990<\/td>\n<td>2004<\/td>\n<\/tr>\n<tr>\n<td>Alphabetisierung der Jugendlichen<br \/>\n(15-24 Jahre) in Prozent<\/td>\n<td>17.5<\/td>\n<td>20.9<\/td>\n<td>24.9<\/td>\n<td>19.4<\/td>\n<\/tr>\n<\/tbody>\n<\/table>\n<div>\n<table title=\"\" summary=\"\" border=\"1\" cellspacing=\"0\" cellpadding=\"0\">\n<tbody>\n<tr>\n<td>Jahr<\/td>\n<td>1980<\/td>\n<td>1985<\/td>\n<td>1990<\/td>\n<td>1995<\/td>\n<td>2000<\/td>\n<td>2003<\/td>\n<\/tr>\n<tr>\n<td>Analphabetenrate Erwachsener<br \/>\nin Prozent<\/td>\n<td>89.2<\/td>\n<td>86.6<\/td>\n<td>83.7<\/td>\n<td>80.2<\/td>\n<td>76.1<\/td>\n<td>73.4<\/td>\n<\/tr>\n<\/tbody>\n<\/table>\n<\/div>\n<p>&nbsp;<\/p>\n<table title=\"\" summary=\"\" border=\"1\" cellspacing=\"0\" cellpadding=\"0\">\n<tbody>\n<tr>\n<td>Jahr<\/td>\n<td>1980<\/td>\n<td>1985<\/td>\n<td>1990<\/td>\n<td>1995<\/td>\n<td>2000<\/td>\n<td>2003<\/td>\n<\/tr>\n<tr>\n<td>Analphabetenrate m\u00e4nnlicher<br \/>\nErwachsener in Prozent<\/td>\n<td>82.4<\/td>\n<td>78.9<\/td>\n<td>75.0<\/td>\n<td>70.8<\/td>\n<td>66.1<\/td>\n<td>63.1<\/td>\n<\/tr>\n<\/tbody>\n<\/table>\n<p>&nbsp;<\/p>\n<table title=\"\" summary=\"\" border=\"1\" cellspacing=\"0\" cellpadding=\"0\">\n<tbody>\n<tr>\n<td>Jahr<\/td>\n<td>1980<\/td>\n<td>1985<\/td>\n<td>1990<\/td>\n<td>1995<\/td>\n<td>2000<\/td>\n<td>2003<\/td>\n<\/tr>\n<tr>\n<td>Analphabetenrate\u00a0weiblicher<br \/>\nErwachsener in Prozent<\/td>\n<td>95.7<\/td>\n<td>94.1<\/td>\n<td>92.0<\/td>\n<td>89.4<\/td>\n<td>85.9<\/td>\n<td>83.4<\/td>\n<\/tr>\n<\/tbody>\n<\/table>\n<p>&nbsp;<\/p>\n<p><strong>Einschulungsraten<\/strong><\/p>\n<p>&nbsp;<\/p>\n<table title=\"\" summary=\"\" border=\"1\" cellspacing=\"0\" cellpadding=\"0\">\n<tbody>\n<tr>\n<td>Jahr<\/td>\n<td>1990<\/td>\n<td>1998<\/td>\n<td>1999<\/td>\n<td>2000<\/td>\n<td>2001<\/td>\n<\/tr>\n<tr>\n<td>Einschulungsrate<br \/>\nin Prozent<\/td>\n<td>26.2<\/td>\n<td>33.5<\/td>\n<td>34.3<\/td>\n<td>35.0<\/td>\n<td>35.0<\/td>\n<\/tr>\n<\/tbody>\n<\/table>\n<p>&nbsp;<\/p>\n<table title=\"\" summary=\"\" border=\"1\" cellspacing=\"0\" cellpadding=\"0\">\n<tbody>\n<tr>\n<td>Jahr<\/td>\n<td>1990<\/td>\n<td>1998<\/td>\n<td>1999<\/td>\n<td>2000<\/td>\n<td>2001<\/td>\n<\/tr>\n<tr>\n<td>Einschulungsrate Jungen<br \/>\nin Prozent<\/td>\n<td>32.1<\/td>\n<td>39.8<\/td>\n<td>40.4<\/td>\n<td>41.0<\/td>\n<td>41.0<\/td>\n<\/tr>\n<\/tbody>\n<\/table>\n<p>&nbsp;<\/p>\n<table title=\"\" summary=\"\" border=\"1\" cellspacing=\"0\" cellpadding=\"0\">\n<tbody>\n<tr>\n<td>Jahr<\/td>\n<td>1990<\/td>\n<td>1998<\/td>\n<td>1999<\/td>\n<td>2000<\/td>\n<td>2001<\/td>\n<\/tr>\n<tr>\n<td>Einschulungsrate M\u00e4dchen<br \/>\nin Prozent<\/td>\n<td>20.3<\/td>\n<td>27.1<\/td>\n<td>28.0<\/td>\n<td>28.9<\/td>\n<td>28.9<\/td>\n<\/tr>\n<\/tbody>\n<\/table>\n<p>&nbsp;<\/p>\n<p><strong>Einschreibung an weiterf\u00fchrenden Schulen (ab Klasse 7)<\/strong><\/p>\n<p>&nbsp;<\/p>\n<table title=\"\" summary=\"\" border=\"1\" cellspacing=\"0\" cellpadding=\"0\">\n<tbody>\n<tr>\n<td>Jahr<\/td>\n<td>2002<\/td>\n<\/tr>\n<tr>\n<td>M\u00e4nnliche Jugendliche<br \/>\nin Prozent<\/td>\n<td>12.0<\/td>\n<\/tr>\n<\/tbody>\n<\/table>\n<p>&nbsp;<\/p>\n<table title=\"\" summary=\"\" border=\"1\" cellspacing=\"0\" cellpadding=\"0\">\n<tbody>\n<tr>\n<td>Jahr<\/td>\n<td>2002<\/td>\n<\/tr>\n<tr>\n<td>Weibliche\u00a0Jugendliche<br \/>\nin Prozent<\/td>\n<td>8.00<\/td>\n<\/tr>\n<\/tbody>\n<\/table>\n<p>&nbsp;<\/p>\n","protected":false},"excerpt":{"rendered":"<p>Im Folgenden einige Zahlen,\u00a0die die mangelhafte Bildungsversorgung f\u00fcr Kinder und Jugendliche &#8211; und vor allem f\u00fcr M\u00e4dchen &#8211; dokumentieren. Die Zahlen stammen aus einer Datenerhebung der Unesco aus dem Jahr 2005, der UN Common Database (UNESCO). Alphabetisierung &nbsp; Jahr 1980 1985 1990 2004 Alphabetisierung der Jugendlichen (15-24 Jahre) in Prozent 17.5 20.9 24.9 19.4 Jahr [&hellip;]<\/p>\n","protected":false},"author":1,"featured_media":0,"parent":140,"menu_order":0,"comment_status":"closed","ping_status":"closed","template":"","meta":{"footnotes":""},"class_list":["post-37","page","type-page","status-publish","hentry"],"_links":{"self":[{"href":"https:\/\/web.bufamaschu.de\/index.php?rest_route=\/wp\/v2\/pages\/37","targetHints":{"allow":["GET"]}}],"collection":[{"href":"https:\/\/web.bufamaschu.de\/index.php?rest_route=\/wp\/v2\/pages"}],"about":[{"href":"https:\/\/web.bufamaschu.de\/index.php?rest_route=\/wp\/v2\/types\/page"}],"author":[{"embeddable":true,"href":"https:\/\/web.bufamaschu.de\/index.php?rest_route=\/wp\/v2\/users\/1"}],"replies":[{"embeddable":true,"href":"https:\/\/web.bufamaschu.de\/index.php?rest_route=%2Fwp%2Fv2%2Fcomments&post=37"}],"version-history":[{"count":5,"href":"https:\/\/web.bufamaschu.de\/index.php?rest_route=\/wp\/v2\/pages\/37\/revisions"}],"predecessor-version":[{"id":168,"href":"https:\/\/web.bufamaschu.de\/index.php?rest_route=\/wp\/v2\/pages\/37\/revisions\/168"}],"up":[{"embeddable":true,"href":"https:\/\/web.bufamaschu.de\/index.php?rest_route=\/wp\/v2\/pages\/140"}],"wp:attachment":[{"href":"https:\/\/web.bufamaschu.de\/index.php?rest_route=%2Fwp%2Fv2%2Fmedia&parent=37"}],"curies":[{"name":"wp","href":"https:\/\/api.w.org\/{rel}","templated":true}]}}