{"id":47,"date":"2013-07-23T14:54:41","date_gmt":"2013-07-23T12:54:41","guid":{"rendered":"http:\/\/web.bufamaschu.de\/?page_id=47"},"modified":"2013-08-22T14:56:59","modified_gmt":"2013-08-22T12:56:59","slug":"apech","status":"publish","type":"page","link":"https:\/\/web.bufamaschu.de\/?page_id=47","title":{"rendered":"APECH"},"content":{"rendered":"<p>Mittlerweile arbeiten wir mit zwei Partnern aus Burkina Faso eng zusammen und realisieren gemeinsam Projekte.<\/p>\n<p>&#8222;APECH&#8220;\u00a0<em>(Association pour la promotion de l&#8217;education et l&#8217;eclosion de la conscience humanitaire) <\/em>hat seinen Sitz in\u00a0 Bobo-Dioulasso, der zweitgr\u00f6\u00dften Stadt im S\u00fcdwesten des Landes. Unser Partnerverein\u00a0<em><\/em>wurde am 3. August 2007 in Bobo-Dioulasso, Burkina Faso gegr\u00fcndet. Der Gr\u00fcndung ging bereits die gemeinsame Arbeit seit 2006 voran.<\/p>\n<div><\/div>\n<div>\n<p style=\"text-align: left;\" align=\"center\"><strong>Gesichter von <em>&#8222;APECH&#8220;<\/em><\/strong><\/p>\n<table border=\"1\">\n<tbody>\n<tr>\n<td>\u00a0<a href=\"https:\/\/web.bufamaschu.de\/wp-content\/uploads\/2013\/07\/Saga_Zaba.jpg\"><img loading=\"lazy\" decoding=\"async\" class=\"size-medium wp-image-49 aligncenter\" alt=\"Saga_Zaba\" src=\"https:\/\/web.bufamaschu.de\/wp-content\/uploads\/2013\/07\/Saga_Zaba-300x225.jpg\" width=\"300\" height=\"225\" srcset=\"https:\/\/web.bufamaschu.de\/wp-content\/uploads\/2013\/07\/Saga_Zaba-300x225.jpg 300w, https:\/\/web.bufamaschu.de\/wp-content\/uploads\/2013\/07\/Saga_Zaba.jpg 640w\" sizes=\"auto, (max-width: 300px) 100vw, 300px\" \/><\/a><\/td>\n<td>\u00a0<a href=\"https:\/\/web.bufamaschu.de\/wp-content\/uploads\/2013\/07\/Yamba_Nana.jpg\"><img loading=\"lazy\" decoding=\"async\" class=\"size-medium wp-image-50 aligncenter\" alt=\"Yamba_Nana\" src=\"https:\/\/web.bufamaschu.de\/wp-content\/uploads\/2013\/07\/Yamba_Nana-300x225.jpg\" width=\"300\" height=\"225\" srcset=\"https:\/\/web.bufamaschu.de\/wp-content\/uploads\/2013\/07\/Yamba_Nana-300x225.jpg 300w, https:\/\/web.bufamaschu.de\/wp-content\/uploads\/2013\/07\/Yamba_Nana.jpg 768w\" sizes=\"auto, (max-width: 300px) 100vw, 300px\" \/><\/a><\/td>\n<\/tr>\n<tr>\n<td style=\"text-align: center;\">\u00a0Saga Zaba (Vorsitzender)<\/td>\n<td style=\"text-align: center;\">\u00a0Yamba Nana (2. Vorsitzender)<\/td>\n<\/tr>\n<\/tbody>\n<\/table>\n<\/div>\n<div><\/div>\n<table border=\"1\">\n<tbody>\n<tr align=\"left\">\n<td>\u00a0<a href=\"https:\/\/web.bufamaschu.de\/wp-content\/uploads\/2013\/07\/Vereinsmitglieder_APECH.jpg\"><img loading=\"lazy\" decoding=\"async\" class=\"size-medium wp-image-51 aligncenter\" alt=\"Vereinsmitglieder_APECH\" src=\"https:\/\/web.bufamaschu.de\/wp-content\/uploads\/2013\/07\/Vereinsmitglieder_APECH-300x225.jpg\" width=\"300\" height=\"225\" srcset=\"https:\/\/web.bufamaschu.de\/wp-content\/uploads\/2013\/07\/Vereinsmitglieder_APECH-300x225.jpg 300w, https:\/\/web.bufamaschu.de\/wp-content\/uploads\/2013\/07\/Vereinsmitglieder_APECH.jpg 768w\" sizes=\"auto, (max-width: 300px) 100vw, 300px\" \/><\/a><\/td>\n<\/tr>\n<tr align=\"center\">\n<td>\u00a0Einige Mitglieder von APECH<\/td>\n<\/tr>\n<\/tbody>\n<\/table>\n<p>&nbsp;<\/p>\n","protected":false},"excerpt":{"rendered":"<p>Mittlerweile arbeiten wir mit zwei Partnern aus Burkina Faso eng zusammen und realisieren gemeinsam Projekte. &#8222;APECH&#8220;\u00a0(Association pour la promotion de l&#8217;education et l&#8217;eclosion de la conscience humanitaire) hat seinen Sitz in\u00a0 Bobo-Dioulasso, der zweitgr\u00f6\u00dften Stadt im S\u00fcdwesten des Landes. Unser Partnerverein\u00a0wurde am 3. August 2007 in Bobo-Dioulasso, Burkina Faso gegr\u00fcndet. Der Gr\u00fcndung ging bereits die [&hellip;]<\/p>\n","protected":false},"author":1,"featured_media":0,"parent":141,"menu_order":0,"comment_status":"closed","ping_status":"closed","template":"","meta":{"footnotes":""},"class_list":["post-47","page","type-page","status-publish","hentry"],"_links":{"self":[{"href":"https:\/\/web.bufamaschu.de\/index.php?rest_route=\/wp\/v2\/pages\/47","targetHints":{"allow":["GET"]}}],"collection":[{"href":"https:\/\/web.bufamaschu.de\/index.php?rest_route=\/wp\/v2\/pages"}],"about":[{"href":"https:\/\/web.bufamaschu.de\/index.php?rest_route=\/wp\/v2\/types\/page"}],"author":[{"embeddable":true,"href":"https:\/\/web.bufamaschu.de\/index.php?rest_route=\/wp\/v2\/users\/1"}],"replies":[{"embeddable":true,"href":"https:\/\/web.bufamaschu.de\/index.php?rest_route=%2Fwp%2Fv2%2Fcomments&post=47"}],"version-history":[{"count":11,"href":"https:\/\/web.bufamaschu.de\/index.php?rest_route=\/wp\/v2\/pages\/47\/revisions"}],"predecessor-version":[{"id":427,"href":"https:\/\/web.bufamaschu.de\/index.php?rest_route=\/wp\/v2\/pages\/47\/revisions\/427"}],"up":[{"embeddable":true,"href":"https:\/\/web.bufamaschu.de\/index.php?rest_route=\/wp\/v2\/pages\/141"}],"wp:attachment":[{"href":"https:\/\/web.bufamaschu.de\/index.php?rest_route=%2Fwp%2Fv2%2Fmedia&parent=47"}],"curies":[{"name":"wp","href":"https:\/\/api.w.org\/{rel}","templated":true}]}}