{"id":652,"date":"2015-12-22T20:14:01","date_gmt":"2015-12-22T19:14:01","guid":{"rendered":"http:\/\/web.bufamaschu.de\/?page_id=652"},"modified":"2018-05-14T09:40:46","modified_gmt":"2018-05-14T07:40:46","slug":"bau-einer-krankenstation-mit-angegliedertem-mutter-kind-zentrum","status":"publish","type":"page","link":"https:\/\/web.bufamaschu.de\/?page_id=652","title":{"rendered":"Krankenstation (Bobo-Dioulasso)"},"content":{"rendered":"<p><img loading=\"lazy\" decoding=\"async\" class=\"alignright wp-image-712 size-medium\" src=\"https:\/\/web.bufamaschu.de\/wp-content\/uploads\/Eroeffnung-Miriya02jpg-300x169.jpg\" alt=\"\" width=\"300\" height=\"169\" srcset=\"https:\/\/web.bufamaschu.de\/wp-content\/uploads\/Eroeffnung-Miriya02jpg-300x169.jpg 300w, https:\/\/web.bufamaschu.de\/wp-content\/uploads\/Eroeffnung-Miriya02jpg-768x432.jpg 768w, https:\/\/web.bufamaschu.de\/wp-content\/uploads\/Eroeffnung-Miriya02jpg-1024x576.jpg 1024w, https:\/\/web.bufamaschu.de\/wp-content\/uploads\/Eroeffnung-Miriya02jpg.jpg 1032w\" sizes=\"auto, (max-width: 300px) 100vw, 300px\" \/><\/p>\n<p>Am 31.12.2015 war die Einweihungsfeier der Krankenstation &#8222;Miriya&#8220; in Bobo-Dioulasso.<\/p>\n<p>Diese Feier werden wir nie vergessen. Danke an APECH, unserem Partnerverein, und hier besonders Saga und Nana. 1000 Menschen waren dabei, als eine Vertreterin der Frauen, ein Repr\u00e4sentant des Stadtteils, unser Freund Saga und Anja sowie der Oberb\u00fcrgermeister von Bobo-Dioulasso eine kurze Ansprache halten konnten.<\/p>\n<p>Am Ende wurden die Worte des Liedes Imagine von John Lennon im Wechel in Franz\u00f6sisch und Dioula vorgetragen. Die Idea<span class=\"text_exposed_show\">le in diesem Lied haben APECH und uns immer begleitet und stehen f\u00fcr die erste Krankenstation, in der die \u00c4rmsten der Armen kostenfrei behandelt werden. MIRIYA hei\u00dft die neue Krankenstation. Und MIRIYA ist Dioula und bedeutet \u201cImagine\u201d. <\/span><\/p>\n<p><span class=\"text_exposed_show\"><img loading=\"lazy\" decoding=\"async\" class=\"alignright size-medium wp-image-713\" src=\"https:\/\/web.bufamaschu.de\/wp-content\/uploads\/Eroeffnung-Miriya03jpg-300x169.jpg\" alt=\"Eroeffnung-Miriya03jpg\" width=\"300\" height=\"169\" srcset=\"https:\/\/web.bufamaschu.de\/wp-content\/uploads\/Eroeffnung-Miriya03jpg-300x169.jpg 300w, https:\/\/web.bufamaschu.de\/wp-content\/uploads\/Eroeffnung-Miriya03jpg-768x432.jpg 768w, https:\/\/web.bufamaschu.de\/wp-content\/uploads\/Eroeffnung-Miriya03jpg-1024x576.jpg 1024w, https:\/\/web.bufamaschu.de\/wp-content\/uploads\/Eroeffnung-Miriya03jpg.jpg 1032w\" sizes=\"auto, (max-width: 300px) 100vw, 300px\" \/><\/span><\/p>\n<p>&nbsp;<\/p>\n<p><span class=\"text_exposed_show\">Im burkinischen Fernsehsender rtb lief im Regionalprogramm und zus\u00e4tzlich im nationalen Programm ein Bericht der Er\u00f6ffnung. <\/span><\/p>\n<p>&nbsp;<\/p>\n<p>&nbsp;<\/p>\n<p>&nbsp;<\/p>\n<p>&nbsp;<\/p>\n<p><span class=\"text_exposed_show\"><img loading=\"lazy\" decoding=\"async\" class=\"alignright size-medium wp-image-725\" src=\"https:\/\/web.bufamaschu.de\/wp-content\/uploads\/Eroeffnung-Miriya01jpg-1-300x169.jpg\" alt=\"Eroeffnung-Miriya01jpg\" width=\"300\" height=\"169\" srcset=\"https:\/\/web.bufamaschu.de\/wp-content\/uploads\/Eroeffnung-Miriya01jpg-1-300x169.jpg 300w, https:\/\/web.bufamaschu.de\/wp-content\/uploads\/Eroeffnung-Miriya01jpg-1-768x432.jpg 768w, https:\/\/web.bufamaschu.de\/wp-content\/uploads\/Eroeffnung-Miriya01jpg-1-1024x576.jpg 1024w, https:\/\/web.bufamaschu.de\/wp-content\/uploads\/Eroeffnung-Miriya01jpg-1.jpg 1032w\" sizes=\"auto, (max-width: 300px) 100vw, 300px\" \/>Das Interesse der Menschen und die Herzlichkeit, mit der wir hier willkommen gehei\u00dfen werden, ist besch\u00e4mend. Uns fehlen oft die Worte.<\/span><\/p>\n<p>Weitere Informationen zu unserem Bauprojekt:<\/p>\n<p>Die Mittel f\u00fcr den Bau werden zu 75% vom BMZ (Entwicklungshilfegelder) getragen. Die \u00fcbrigen 25% m\u00fcssen wir aus Spenden finanzieren. Bei einem Volumen von \u00fcber 106.000 EUR ist unser Verein mit ca. 30.000 EUR beteiligt.<\/p>\n<p>Die Personengruppe, die vom Bau der Krankenstation profitieren, sind die 73.000 Einwohner der Sektoren 21, 22 und 29 im Arrondissement 7 der Stadt Bobo-Dioulasso im Westen des Landes mit insgesamt ca. 560.000 Einwohnern. Insbesondere sollen benachteiligte Frauen und Kinder angesprochen werden, die sich aufgrund ihrer finanziellen Lage nur unzureichend oder keine medizinische Versorgung leisten k\u00f6nnen.<\/p>\n<p>In Sektor 29 befindet sich ein Terrain mit einer Gesamtfl\u00e4che von 1580 m\u00b2, welches unserem Partnerverein APECH von der Stadtverwaltung Bobo-Dioulassos \u00fcbereignet wurde zu dem Zweck, hier in Kooperation mit uns als Partner eine Krankenstation zu errichten.<\/p>\n<p>Erstmalig in der Geschichte Burkina-Fasos haben wir gemeinsam mit unserem Partner APECH ein Konzept entwickelt, welches es den \u00e4rmsten 150 Familien der Sektoren 21, 22 und 29 erm\u00f6glichen soll, kostenfrei medizinische Hilfe zu erhalten. Finanziert wird dieses Konzept nach der Anschubfinanzierung durch Bufamaschu mit Einnahmen aus der Apotheke sowie Mehreinnahmen aufgrund der au\u00dfergew\u00f6hnlich guten technischen Ausstattung der Krankenstation.<\/p>\n<p>Die Zielsetzung der geplanten Ma\u00dfnahme, des Baus eines Gesundheitszentrums (dispensaire communitaire) ist vielschichtig und beinhaltet:<\/p>\n<p>&#8211; Erh\u00f6hung der Zugangsrate der Bewohner zu medizinischer Versorgung,<\/p>\n<p>&#8211; kostenfreie Behandlung von 150 besonders bed\u00fcrftigen Familien,<\/p>\n<p>&#8211; kosteng\u00fcnstige medizinische Behandlung der Bev\u00f6lkerung,<\/p>\n<p>&#8211; periodische Sensibilisierungskampagnen zu den Themen Hygiene, AIDS, Beschneidung, Verh\u00fctung<\/p>\n<p>&#8211; F\u00f6rderung des Erfahrungsaustausches zwischen burkinischem und deutschem Personal im medizinischen Bereich.<\/p>\n<p>Die langfristigen Ziele der geplanten Krankenstation:<\/p>\n<p>&#8211; Aufbau einer medizinischen Grundversorgung,<\/p>\n<p>&#8211; Reduzierung der Krankheits- und Sterblichkeitsrate in der Bev\u00f6lkerung,<\/p>\n<p>&#8211; Schwangerschaftsvor- und -nachsorge,<\/p>\n<p>&#8211; Entbindungen mit medizinischer Unterst\u00fctzung in w\u00fcrdevoller Umgebung,<\/p>\n<p>&#8211; medizinisches Fachpersonal bei Komplikationen w\u00e4hrend Schwangerschaft und Geburt,<\/p>\n<p>&#8211; einmal w\u00f6chentlich Anwesenheit eines Zahnarztes,<\/p>\n<p>&#8211; technisch aufw\u00e4ndige Untersuchungen mit R\u00f6ntgen- und Ultraschallger\u00e4t,<\/p>\n<p>&#8211; Apotheke mit subventionierten Medikamenten f\u00fcr die sozial Schw\u00e4chsten,<\/p>\n<p>&#8211; Labor mit Blutuntersuchungsm\u00f6glichkeiten,<\/p>\n<p>&#8211; Aufkl\u00e4rungskampagnen und Schulungen zu verschiedenen Themen im Gesundheitsbereich<br \/>\n(Verh\u00fctung, Aufkl\u00e4rung, weibliche Beschneidung, Hygiene, Ern\u00e4hrung, Wasser).<\/p>\n<p>&nbsp;<\/p>\n<p>&nbsp;<\/p>\n<p>&nbsp;<\/p>\n<p>&nbsp;<\/p>\n","protected":false},"excerpt":{"rendered":"<p>Am 31.12.2015 war die Einweihungsfeier der Krankenstation &#8222;Miriya&#8220; in Bobo-Dioulasso. Diese Feier werden wir nie vergessen. Danke an APECH, unserem Partnerverein, und hier besonders Saga und Nana. 1000 Menschen waren dabei, als eine Vertreterin der Frauen, ein Repr\u00e4sentant des Stadtteils, unser Freund Saga und Anja sowie der Oberb\u00fcrgermeister von Bobo-Dioulasso eine kurze Ansprache halten konnten. [&hellip;]<\/p>\n","protected":false},"author":1,"featured_media":0,"parent":142,"menu_order":0,"comment_status":"closed","ping_status":"closed","template":"","meta":{"footnotes":""},"class_list":["post-652","page","type-page","status-publish","hentry"],"_links":{"self":[{"href":"https:\/\/web.bufamaschu.de\/index.php?rest_route=\/wp\/v2\/pages\/652","targetHints":{"allow":["GET"]}}],"collection":[{"href":"https:\/\/web.bufamaschu.de\/index.php?rest_route=\/wp\/v2\/pages"}],"about":[{"href":"https:\/\/web.bufamaschu.de\/index.php?rest_route=\/wp\/v2\/types\/page"}],"author":[{"embeddable":true,"href":"https:\/\/web.bufamaschu.de\/index.php?rest_route=\/wp\/v2\/users\/1"}],"replies":[{"embeddable":true,"href":"https:\/\/web.bufamaschu.de\/index.php?rest_route=%2Fwp%2Fv2%2Fcomments&post=652"}],"version-history":[{"count":8,"href":"https:\/\/web.bufamaschu.de\/index.php?rest_route=\/wp\/v2\/pages\/652\/revisions"}],"predecessor-version":[{"id":784,"href":"https:\/\/web.bufamaschu.de\/index.php?rest_route=\/wp\/v2\/pages\/652\/revisions\/784"}],"up":[{"embeddable":true,"href":"https:\/\/web.bufamaschu.de\/index.php?rest_route=\/wp\/v2\/pages\/142"}],"wp:attachment":[{"href":"https:\/\/web.bufamaschu.de\/index.php?rest_route=%2Fwp%2Fv2%2Fmedia&parent=652"}],"curies":[{"name":"wp","href":"https:\/\/api.w.org\/{rel}","templated":true}]}}