{"id":796,"date":"2019-04-14T13:23:44","date_gmt":"2019-04-14T11:23:44","guid":{"rendered":"http:\/\/web.bufamaschu.de\/?page_id=796"},"modified":"2020-01-19T18:35:24","modified_gmt":"2020-01-19T17:35:24","slug":"anbau-roentgenabteilung-an-unsere-krankenstation","status":"publish","type":"page","link":"https:\/\/web.bufamaschu.de\/?page_id=796","title":{"rendered":"Anbau R\u00f6ntgenabteilung an unsere Krankenstation"},"content":{"rendered":"\n<p><strong><em>Ausgangssituation<\/em><\/strong><\/p>\n\n\n\n<p>Im Jahr 2015 wurde von Bufamaschu e.V. und APECH die Krankenstation \u201eMiriya\u201c in Bobo-Dioulasso, der zweitgr\u00f6\u00dften Stadt in Burkina Faso errichtet. In diesem vom BMZ unterst\u00fctzten Projekt unserer Vereine stand neben der guten medizinischen und baulichen Ausstattung auch und vor allem die Bev\u00f6lkerungsgruppe im Vordergrund, die sich finanziell keine Gesundheitsversorgung leisten kann. <\/p>\n\n\n\n<figure class=\"wp-block-gallery columns-3 is-cropped wp-block-gallery-1 is-layout-flex wp-block-gallery-is-layout-flex\"><ul class=\"blocks-gallery-grid\"><li class=\"blocks-gallery-item\"><figure><img loading=\"lazy\" decoding=\"async\" width=\"1024\" height=\"392\" src=\"https:\/\/web.bufamaschu.de\/wp-content\/uploads\/MIRIYA-1024x392.jpeg\" alt=\"\" data-id=\"720\" data-link=\"https:\/\/web.bufamaschu.de\/?attachment_id=720\" class=\"wp-image-720\" srcset=\"https:\/\/web.bufamaschu.de\/wp-content\/uploads\/MIRIYA-1024x392.jpeg 1024w, https:\/\/web.bufamaschu.de\/wp-content\/uploads\/MIRIYA-300x115.jpeg 300w, https:\/\/web.bufamaschu.de\/wp-content\/uploads\/MIRIYA-768x294.jpeg 768w, https:\/\/web.bufamaschu.de\/wp-content\/uploads\/MIRIYA.jpeg 1417w\" sizes=\"auto, (max-width: 1024px) 100vw, 1024px\" \/><figcaption class=\"blocks-gallery-item__caption\">Miriya<\/figcaption><\/figure><\/li><li class=\"blocks-gallery-item\"><figure><img loading=\"lazy\" decoding=\"async\" width=\"640\" height=\"480\" src=\"https:\/\/web.bufamaschu.de\/wp-content\/uploads\/1464385105048_resized_2.jpg\" alt=\"\" data-id=\"758\" data-link=\"https:\/\/web.bufamaschu.de\/?attachment_id=758\" class=\"wp-image-758\" srcset=\"https:\/\/web.bufamaschu.de\/wp-content\/uploads\/1464385105048_resized_2.jpg 640w, https:\/\/web.bufamaschu.de\/wp-content\/uploads\/1464385105048_resized_2-300x225.jpg 300w\" sizes=\"auto, (max-width: 640px) 100vw, 640px\" \/><figcaption class=\"blocks-gallery-item__caption\">Krankenstation in Bobo-Dioulasso<\/figcaption><\/figure><\/li><li class=\"blocks-gallery-item\"><figure><img loading=\"lazy\" decoding=\"async\" width=\"1024\" height=\"576\" src=\"https:\/\/web.bufamaschu.de\/wp-content\/uploads\/Eroeffnung-Miriya02jpg-1024x576.jpg\" alt=\"\" data-id=\"712\" data-link=\"https:\/\/web.bufamaschu.de\/?attachment_id=712\" class=\"wp-image-712\" srcset=\"https:\/\/web.bufamaschu.de\/wp-content\/uploads\/Eroeffnung-Miriya02jpg-1024x576.jpg 1024w, https:\/\/web.bufamaschu.de\/wp-content\/uploads\/Eroeffnung-Miriya02jpg-300x169.jpg 300w, https:\/\/web.bufamaschu.de\/wp-content\/uploads\/Eroeffnung-Miriya02jpg-768x432.jpg 768w, https:\/\/web.bufamaschu.de\/wp-content\/uploads\/Eroeffnung-Miriya02jpg.jpg 1032w\" sizes=\"auto, (max-width: 1024px) 100vw, 1024px\" \/><figcaption class=\"blocks-gallery-item__caption\">Er\u00f6ffnungsjahr 2015<\/figcaption><\/figure><\/li><\/ul><\/figure>\n\n\n\n<p>Im Vorfeld dieses Projektes wurden mit dem Sozialministerium und dem Gesundheitsministerium die Gruppe von Menschen ausgesucht, die bestimmten Kriterien (Einkommen, Waisen bzw. Halbwaisen, Anzahl Familienmitglieder) erf\u00fcllten. Diese \u201e\u00c4rmsten der Armen\u201c profitieren durch das Angebot von \u201eMiriya\u201c von diesen Sozialleistungen, die sonst kein anderes Krankenhaus in Burkina Faso anbietet. Im Gegenzug bezahlen andere Patienten einen Beitrag f\u00fcr Ihre Behandlungen bzw. Untersuchungen, der im Durchschnitt des staatlichen Krankenhauses liegt.<\/p>\n\n\n\n<figure class=\"wp-block-image is-style-default\"><img loading=\"lazy\" decoding=\"async\" width=\"1024\" height=\"767\" src=\"https:\/\/web.bufamaschu.de\/wp-content\/uploads\/2019-04-02-Bau-1024x767.jpg\" alt=\"\" class=\"wp-image-807\" srcset=\"https:\/\/web.bufamaschu.de\/wp-content\/uploads\/2019-04-02-Bau-1024x767.jpg 1024w, https:\/\/web.bufamaschu.de\/wp-content\/uploads\/2019-04-02-Bau-300x225.jpg 300w, https:\/\/web.bufamaschu.de\/wp-content\/uploads\/2019-04-02-Bau-768x575.jpg 768w, https:\/\/web.bufamaschu.de\/wp-content\/uploads\/2019-04-02-Bau.jpg 1080w\" sizes=\"auto, (max-width: 1024px) 100vw, 1024px\" \/><figcaption>2. April 2019<\/figcaption><\/figure>\n\n\n\n<p>Haupteinzugsbereiche der Krankenstation \u201eMiriya\u201c sind die Sektoren 21,\n22 und 29 des Stadtteils Nr. 7 von Bobo Dioulasso. <\/p>\n\n\n\n<p>Die Bev\u00f6lkerung ist in den vergangenen Jahren schnell gewachsen, eine\ndringend ben\u00f6tigte zus\u00e4tzliche \u00f6ffentliche Gesundheitsversorgung wurde nicht\nanalog zum Bev\u00f6lkerungswachstum durch den Staat bereitgestellt, so dass die\nM\u00f6glichkeiten f\u00fcr die Menschen, Gesundheitsversorgungsangebote zu nutzen,\neffektiv niedriger geworden sind. Die Einwohnerzahlen belaufen sich nach\naktuellen Angaben unseres Partners APECH in diesen Sektoren auf \u00fcber 134.000\nMenschen. Noch vor drei Jahren waren dies ca. 73.000. Mit dem Stadtteil Nr. 6,\nwelches zum erweiterten Einzugsgebiet von Miriya gez\u00e4hlt werden kann, betr\u00e4gt\ndie Bev\u00f6lkerungszahl 205.000.<\/p>\n\n\n\n<figure class=\"wp-block-image\"><img loading=\"lazy\" decoding=\"async\" width=\"1024\" height=\"767\" src=\"https:\/\/web.bufamaschu.de\/wp-content\/uploads\/2019-04-04-Bau-1024x767.jpg\" alt=\"\" class=\"wp-image-808\" srcset=\"https:\/\/web.bufamaschu.de\/wp-content\/uploads\/2019-04-04-Bau-1024x767.jpg 1024w, https:\/\/web.bufamaschu.de\/wp-content\/uploads\/2019-04-04-Bau-300x225.jpg 300w, https:\/\/web.bufamaschu.de\/wp-content\/uploads\/2019-04-04-Bau-768x575.jpg 768w, https:\/\/web.bufamaschu.de\/wp-content\/uploads\/2019-04-04-Bau.jpg 1080w\" sizes=\"auto, (max-width: 1024px) 100vw, 1024px\" \/><figcaption> 4. April 2019 <\/figcaption><\/figure>\n\n\n\n<p>Die Mehrheit der Bev\u00f6lkerung geht keiner festen Besch\u00e4ftigung nach,\nsondern lebt von zum Teil t\u00e4glich wechselnden kleinen T\u00e4tigkeiten, um ihren\nLebensunterhalt zu bestreiten.<\/p>\n\n\n\n<p>Mehr als 60% der Bewohner dieser Stadtviertel lebt von weniger als 1000\nCFA (1,52 EUR) pro Tag. Die Frauen sind von dieser Armut besonders betroffen.<\/p>\n\n\n\n<figure class=\"wp-block-image\"><img loading=\"lazy\" decoding=\"async\" width=\"1024\" height=\"767\" src=\"https:\/\/web.bufamaschu.de\/wp-content\/uploads\/2019-04-05-Bau-1024x767.jpg\" alt=\"\" class=\"wp-image-809\" srcset=\"https:\/\/web.bufamaschu.de\/wp-content\/uploads\/2019-04-05-Bau-1024x767.jpg 1024w, https:\/\/web.bufamaschu.de\/wp-content\/uploads\/2019-04-05-Bau-300x225.jpg 300w, https:\/\/web.bufamaschu.de\/wp-content\/uploads\/2019-04-05-Bau-768x575.jpg 768w, https:\/\/web.bufamaschu.de\/wp-content\/uploads\/2019-04-05-Bau.jpg 1080w\" sizes=\"auto, (max-width: 1024px) 100vw, 1024px\" \/><figcaption> 5. April 2019 <\/figcaption><\/figure>\n\n\n\n<p>Der Situation der gr\u00f6\u00dfer werdenden Unterversorgung soll ein\nKapazit\u00e4tsausbau der vorhandenen Krankenstation Miriya, sowohl im\nAngebotsportfolio wie auch in der Gr\u00f6\u00dfe der Station entgegenwirken.<\/p>\n\n\n\n<figure class=\"wp-block-image\"><img loading=\"lazy\" decoding=\"async\" width=\"1024\" height=\"767\" src=\"https:\/\/web.bufamaschu.de\/wp-content\/uploads\/2019-04-09-Bau_2-1024x767.jpg\" alt=\"\" class=\"wp-image-811\" srcset=\"https:\/\/web.bufamaschu.de\/wp-content\/uploads\/2019-04-09-Bau_2-1024x767.jpg 1024w, https:\/\/web.bufamaschu.de\/wp-content\/uploads\/2019-04-09-Bau_2-300x225.jpg 300w, https:\/\/web.bufamaschu.de\/wp-content\/uploads\/2019-04-09-Bau_2-768x575.jpg 768w, https:\/\/web.bufamaschu.de\/wp-content\/uploads\/2019-04-09-Bau_2.jpg 1080w\" sizes=\"auto, (max-width: 1024px) 100vw, 1024px\" \/><figcaption> 9. April 2019 <\/figcaption><\/figure>\n\n\n\n<p>Mit unserem neuesten Projekt, dem Anbau einer R\u00f6ntgenabteilung, wollen wir die Situation der Gesundheitsversorgung verbessern.<\/p>\n\n\n\n<p>Hier erfahren Sie mehr \u00fcber den Baufortschritt und erhalten aus erster Hand von unseren Partnern vor Ort tagesaktuelle Bilder.<\/p>\n\n\n\n<figure class=\"wp-block-image\"><img loading=\"lazy\" decoding=\"async\" width=\"1024\" height=\"767\" src=\"https:\/\/web.bufamaschu.de\/wp-content\/uploads\/2019-04-09-Bau-1024x767.jpg\" alt=\"\" class=\"wp-image-810\" srcset=\"https:\/\/web.bufamaschu.de\/wp-content\/uploads\/2019-04-09-Bau-1024x767.jpg 1024w, https:\/\/web.bufamaschu.de\/wp-content\/uploads\/2019-04-09-Bau-300x225.jpg 300w, https:\/\/web.bufamaschu.de\/wp-content\/uploads\/2019-04-09-Bau-768x575.jpg 768w, https:\/\/web.bufamaschu.de\/wp-content\/uploads\/2019-04-09-Bau.jpg 1080w\" sizes=\"auto, (max-width: 1024px) 100vw, 1024px\" \/><figcaption> 9. April 2019 <\/figcaption><\/figure>\n\n\n\n<figure class=\"wp-block-image\"><img loading=\"lazy\" decoding=\"async\" width=\"1024\" height=\"767\" src=\"https:\/\/web.bufamaschu.de\/wp-content\/uploads\/2019-04-10-Bau-1024x767.jpg\" alt=\"\" class=\"wp-image-812\" srcset=\"https:\/\/web.bufamaschu.de\/wp-content\/uploads\/2019-04-10-Bau-1024x767.jpg 1024w, https:\/\/web.bufamaschu.de\/wp-content\/uploads\/2019-04-10-Bau-300x225.jpg 300w, https:\/\/web.bufamaschu.de\/wp-content\/uploads\/2019-04-10-Bau-768x575.jpg 768w, https:\/\/web.bufamaschu.de\/wp-content\/uploads\/2019-04-10-Bau.jpg 1080w\" sizes=\"auto, (max-width: 1024px) 100vw, 1024px\" \/><figcaption> 10. April 2019 <\/figcaption><\/figure>\n\n\n\n<figure class=\"wp-block-image\"><img loading=\"lazy\" decoding=\"async\" width=\"1024\" height=\"767\" src=\"https:\/\/web.bufamaschu.de\/wp-content\/uploads\/2019-04-11-Bau-1024x767.jpg\" alt=\"\" class=\"wp-image-813\" srcset=\"https:\/\/web.bufamaschu.de\/wp-content\/uploads\/2019-04-11-Bau-1024x767.jpg 1024w, https:\/\/web.bufamaschu.de\/wp-content\/uploads\/2019-04-11-Bau-300x225.jpg 300w, https:\/\/web.bufamaschu.de\/wp-content\/uploads\/2019-04-11-Bau-768x575.jpg 768w, https:\/\/web.bufamaschu.de\/wp-content\/uploads\/2019-04-11-Bau.jpg 1080w\" sizes=\"auto, (max-width: 1024px) 100vw, 1024px\" \/><figcaption> 11. April 2019 <\/figcaption><\/figure>\n\n\n\n<figure class=\"wp-block-image\"><img loading=\"lazy\" decoding=\"async\" width=\"1024\" height=\"767\" src=\"https:\/\/web.bufamaschu.de\/wp-content\/uploads\/2019-04-11-Bau_2-1024x767.jpg\" alt=\"\" class=\"wp-image-814\" srcset=\"https:\/\/web.bufamaschu.de\/wp-content\/uploads\/2019-04-11-Bau_2-1024x767.jpg 1024w, https:\/\/web.bufamaschu.de\/wp-content\/uploads\/2019-04-11-Bau_2-300x225.jpg 300w, https:\/\/web.bufamaschu.de\/wp-content\/uploads\/2019-04-11-Bau_2-768x575.jpg 768w, https:\/\/web.bufamaschu.de\/wp-content\/uploads\/2019-04-11-Bau_2.jpg 1080w\" sizes=\"auto, (max-width: 1024px) 100vw, 1024px\" \/><figcaption> 11. April 2019 <\/figcaption><\/figure>\n\n\n\n<figure class=\"wp-block-image size-large\"><img loading=\"lazy\" decoding=\"async\" width=\"1024\" height=\"767\" src=\"https:\/\/web.bufamaschu.de\/wp-content\/uploads\/PHOTO-2019-05-13-15-19-53-1024x767.jpg\" alt=\"\" class=\"wp-image-824\" srcset=\"https:\/\/web.bufamaschu.de\/wp-content\/uploads\/PHOTO-2019-05-13-15-19-53-1024x767.jpg 1024w, https:\/\/web.bufamaschu.de\/wp-content\/uploads\/PHOTO-2019-05-13-15-19-53-300x225.jpg 300w, https:\/\/web.bufamaschu.de\/wp-content\/uploads\/PHOTO-2019-05-13-15-19-53-768x575.jpg 768w, https:\/\/web.bufamaschu.de\/wp-content\/uploads\/PHOTO-2019-05-13-15-19-53.jpg 1080w\" sizes=\"auto, (max-width: 1024px) 100vw, 1024px\" \/><figcaption>13. Mai 2019<br><\/figcaption><\/figure>\n\n\n\n<figure class=\"wp-block-image size-large\"><img loading=\"lazy\" decoding=\"async\" width=\"1024\" height=\"767\" src=\"https:\/\/web.bufamaschu.de\/wp-content\/uploads\/PHOTO-2019-05-30-08-01-49-1024x767.jpg\" alt=\"\" class=\"wp-image-825\" srcset=\"https:\/\/web.bufamaschu.de\/wp-content\/uploads\/PHOTO-2019-05-30-08-01-49-1024x767.jpg 1024w, https:\/\/web.bufamaschu.de\/wp-content\/uploads\/PHOTO-2019-05-30-08-01-49-300x225.jpg 300w, https:\/\/web.bufamaschu.de\/wp-content\/uploads\/PHOTO-2019-05-30-08-01-49-768x575.jpg 768w, https:\/\/web.bufamaschu.de\/wp-content\/uploads\/PHOTO-2019-05-30-08-01-49.jpg 1080w\" sizes=\"auto, (max-width: 1024px) 100vw, 1024px\" \/><figcaption>30. Mai 2019<br><\/figcaption><\/figure>\n\n\n\n<figure class=\"wp-block-image size-large\"><img loading=\"lazy\" decoding=\"async\" width=\"1024\" height=\"767\" src=\"https:\/\/web.bufamaschu.de\/wp-content\/uploads\/PHOTO-2019-06-06-13-53-45-1024x767.jpg\" alt=\"\" class=\"wp-image-826\" srcset=\"https:\/\/web.bufamaschu.de\/wp-content\/uploads\/PHOTO-2019-06-06-13-53-45-1024x767.jpg 1024w, https:\/\/web.bufamaschu.de\/wp-content\/uploads\/PHOTO-2019-06-06-13-53-45-300x225.jpg 300w, https:\/\/web.bufamaschu.de\/wp-content\/uploads\/PHOTO-2019-06-06-13-53-45-768x575.jpg 768w, https:\/\/web.bufamaschu.de\/wp-content\/uploads\/PHOTO-2019-06-06-13-53-45.jpg 1080w\" sizes=\"auto, (max-width: 1024px) 100vw, 1024px\" \/><figcaption>6. Juni 2019<\/figcaption><\/figure>\n\n\n\n<figure class=\"wp-block-image size-large\"><img loading=\"lazy\" decoding=\"async\" width=\"1024\" height=\"767\" src=\"https:\/\/web.bufamaschu.de\/wp-content\/uploads\/PHOTO-2019-12-16-13-42-23-1024x767.jpg\" alt=\"\" class=\"wp-image-838\" srcset=\"https:\/\/web.bufamaschu.de\/wp-content\/uploads\/PHOTO-2019-12-16-13-42-23-1024x767.jpg 1024w, https:\/\/web.bufamaschu.de\/wp-content\/uploads\/PHOTO-2019-12-16-13-42-23-300x225.jpg 300w, https:\/\/web.bufamaschu.de\/wp-content\/uploads\/PHOTO-2019-12-16-13-42-23-768x575.jpg 768w, https:\/\/web.bufamaschu.de\/wp-content\/uploads\/PHOTO-2019-12-16-13-42-23.jpg 1080w\" sizes=\"auto, (max-width: 1024px) 100vw, 1024px\" \/><figcaption>Dezember 2019, Anlieferung des R\u00f6ntgenger\u00e4tes<\/figcaption><\/figure>\n\n\n\n<figure class=\"wp-block-image size-large\"><img loading=\"lazy\" decoding=\"async\" width=\"1024\" height=\"767\" src=\"https:\/\/web.bufamaschu.de\/wp-content\/uploads\/PHOTO-2019-12-18-21-17-31-1024x767.jpg\" alt=\"\" class=\"wp-image-840\" srcset=\"https:\/\/web.bufamaschu.de\/wp-content\/uploads\/PHOTO-2019-12-18-21-17-31-1024x767.jpg 1024w, https:\/\/web.bufamaschu.de\/wp-content\/uploads\/PHOTO-2019-12-18-21-17-31-300x225.jpg 300w, https:\/\/web.bufamaschu.de\/wp-content\/uploads\/PHOTO-2019-12-18-21-17-31-768x575.jpg 768w, https:\/\/web.bufamaschu.de\/wp-content\/uploads\/PHOTO-2019-12-18-21-17-31.jpg 1080w\" sizes=\"auto, (max-width: 1024px) 100vw, 1024px\" \/><figcaption>Installation des R\u00f6ntgenger\u00e4tes<\/figcaption><\/figure>\n\n\n\n<figure class=\"wp-block-image size-large\"><img loading=\"lazy\" decoding=\"async\" width=\"1024\" height=\"767\" src=\"https:\/\/web.bufamaschu.de\/wp-content\/uploads\/PHOTO-2019-12-18-21-17-28-1024x767.jpg\" alt=\"\" class=\"wp-image-839\" srcset=\"https:\/\/web.bufamaschu.de\/wp-content\/uploads\/PHOTO-2019-12-18-21-17-28-1024x767.jpg 1024w, https:\/\/web.bufamaschu.de\/wp-content\/uploads\/PHOTO-2019-12-18-21-17-28-300x225.jpg 300w, https:\/\/web.bufamaschu.de\/wp-content\/uploads\/PHOTO-2019-12-18-21-17-28-768x575.jpg 768w, https:\/\/web.bufamaschu.de\/wp-content\/uploads\/PHOTO-2019-12-18-21-17-28.jpg 1080w\" sizes=\"auto, (max-width: 1024px) 100vw, 1024px\" \/><figcaption>Installation des R\u00f6ntgenger\u00e4tes<\/figcaption><\/figure>\n\n\n\n<p><br><\/p>\n","protected":false},"excerpt":{"rendered":"<p>Ausgangssituation Im Jahr 2015 wurde von Bufamaschu e.V. und APECH die Krankenstation \u201eMiriya\u201c in Bobo-Dioulasso, der zweitgr\u00f6\u00dften Stadt in Burkina Faso errichtet. In diesem vom BMZ unterst\u00fctzten Projekt unserer Vereine stand neben der guten medizinischen und baulichen Ausstattung auch und vor allem die Bev\u00f6lkerungsgruppe im Vordergrund, die sich finanziell keine Gesundheitsversorgung leisten kann. Im Vorfeld [&hellip;]<\/p>\n","protected":false},"author":1,"featured_media":720,"parent":142,"menu_order":0,"comment_status":"closed","ping_status":"closed","template":"","meta":{"footnotes":""},"class_list":["post-796","page","type-page","status-publish","has-post-thumbnail","hentry"],"_links":{"self":[{"href":"https:\/\/web.bufamaschu.de\/index.php?rest_route=\/wp\/v2\/pages\/796","targetHints":{"allow":["GET"]}}],"collection":[{"href":"https:\/\/web.bufamaschu.de\/index.php?rest_route=\/wp\/v2\/pages"}],"about":[{"href":"https:\/\/web.bufamaschu.de\/index.php?rest_route=\/wp\/v2\/types\/page"}],"author":[{"embeddable":true,"href":"https:\/\/web.bufamaschu.de\/index.php?rest_route=\/wp\/v2\/users\/1"}],"replies":[{"embeddable":true,"href":"https:\/\/web.bufamaschu.de\/index.php?rest_route=%2Fwp%2Fv2%2Fcomments&post=796"}],"version-history":[{"count":5,"href":"https:\/\/web.bufamaschu.de\/index.php?rest_route=\/wp\/v2\/pages\/796\/revisions"}],"predecessor-version":[{"id":852,"href":"https:\/\/web.bufamaschu.de\/index.php?rest_route=\/wp\/v2\/pages\/796\/revisions\/852"}],"up":[{"embeddable":true,"href":"https:\/\/web.bufamaschu.de\/index.php?rest_route=\/wp\/v2\/pages\/142"}],"wp:featuredmedia":[{"embeddable":true,"href":"https:\/\/web.bufamaschu.de\/index.php?rest_route=\/wp\/v2\/media\/720"}],"wp:attachment":[{"href":"https:\/\/web.bufamaschu.de\/index.php?rest_route=%2Fwp%2Fv2%2Fmedia&parent=796"}],"curies":[{"name":"wp","href":"https:\/\/api.w.org\/{rel}","templated":true}]}}