{"id":95,"date":"2013-07-23T14:32:12","date_gmt":"2013-07-23T12:32:12","guid":{"rendered":"http:\/\/web.bufamaschu.de\/?page_id=95"},"modified":"2016-01-22T08:38:12","modified_gmt":"2016-01-22T07:38:12","slug":"news-archiv","status":"publish","type":"page","link":"https:\/\/web.bufamaschu.de\/?page_id=95","title":{"rendered":"News-Archiv"},"content":{"rendered":"<p><b>10.10.2015 &#8211; Krankenstation in Bobo-Dioulasso &#8211; Bilder zum Baufortschritt<br \/>\n<\/b><\/p>\n<p>Zu Beginn der Bauarbeiten und zur Vorbereitung des Baugrundes wurde als erster Schritt ein Brunnen gebohrt, der nun das Wasser f\u00fcr die Baustelle liefert.<\/p>\n<p>&nbsp;<\/p>\n<div id=\"gallery-2\" class=\"gallery galleryid-33 gallery-columns-2 gallery-size-thumbnail\">\n<dl class=\"gallery-item\">\n<dt class=\"gallery-icon portrait\"><a href=\"https:\/\/web.bufamaschu.de\/?attachment_id=558\"><img loading=\"lazy\" decoding=\"async\" class=\"attachment-thumbnail size-thumbnail\" src=\"https:\/\/web.bufamaschu.de\/wp-content\/uploads\/Photo-170-150x150.jpg\" alt=\"Vorbereitung der Brunnenbohrung\" width=\"150\" height=\"150\" \/><\/a><\/dt>\n<dd id=\"gallery-2-558\" class=\"wp-caption-text gallery-caption\">Vorbereitung der Brunnenbohrung<\/dd>\n<\/dl>\n<dl class=\"gallery-item\">\n<dt class=\"gallery-icon landscape\"><a href=\"https:\/\/web.bufamaschu.de\/?attachment_id=564\"><img loading=\"lazy\" decoding=\"async\" class=\"attachment-thumbnail size-thumbnail\" src=\"https:\/\/web.bufamaschu.de\/wp-content\/uploads\/IMG_0061klein-150x150.jpg\" alt=\"Vorbereitungsarbeiten\" width=\"150\" height=\"150\" \/><\/a><\/dt>\n<dd id=\"gallery-2-564\" class=\"wp-caption-text gallery-caption\">Vorbereitungsarbeiten<\/dd>\n<\/dl>\n<dl class=\"gallery-item\">\n<dt class=\"gallery-icon landscape\"><a href=\"https:\/\/web.bufamaschu.de\/?attachment_id=566\"><img loading=\"lazy\" decoding=\"async\" class=\"attachment-thumbnail size-thumbnail\" src=\"https:\/\/web.bufamaschu.de\/wp-content\/uploads\/IMG_0074klein-150x150.jpg\" alt=\"Vermessungsarbeiten\" width=\"150\" height=\"150\" \/><\/a><\/dt>\n<dd id=\"gallery-2-566\" class=\"wp-caption-text gallery-caption\">Vermessungsarbeiten<\/dd>\n<\/dl>\n<dl class=\"gallery-item\">\n<dt class=\"gallery-icon landscape\"><a href=\"https:\/\/web.bufamaschu.de\/?attachment_id=559\"><img loading=\"lazy\" decoding=\"async\" class=\"attachment-thumbnail size-thumbnail\" src=\"https:\/\/web.bufamaschu.de\/wp-content\/uploads\/R%C3%A9presentante-des-femmes-150x150.jpg\" alt=\"Mitarbeiterin im Organisationskomitee\" width=\"150\" height=\"150\" \/><\/a><\/dt>\n<dd id=\"gallery-2-559\" class=\"wp-caption-text gallery-caption\">Mitarbeiterin im Organisationskomitee<\/dd>\n<\/dl>\n<dl class=\"gallery-item\">\n<dt class=\"gallery-icon landscape\"><a href=\"https:\/\/web.bufamaschu.de\/?attachment_id=557\"><img loading=\"lazy\" decoding=\"async\" class=\"attachment-thumbnail size-thumbnail\" src=\"https:\/\/web.bufamaschu.de\/wp-content\/uploads\/nana-verantwortliche-150x150.jpg\" alt=\"Besprechung der Organisatoren\" width=\"150\" height=\"150\" \/><\/a><\/dt>\n<dd id=\"gallery-2-557\" class=\"wp-caption-text gallery-caption\">Besprechung der Organisatoren<\/dd>\n<\/dl>\n<dl class=\"gallery-item\">\n<dt class=\"gallery-icon landscape\"><a href=\"https:\/\/web.bufamaschu.de\/?attachment_id=595\"><img loading=\"lazy\" decoding=\"async\" class=\"attachment-thumbnail size-thumbnail\" src=\"https:\/\/web.bufamaschu.de\/wp-content\/uploads\/IMG_0099-klein-150x150.jpg\" alt=\"Herstellen der Ziegelsteine (April 2015)\" width=\"150\" height=\"150\" \/><\/a><\/dt>\n<dd id=\"gallery-2-595\" class=\"wp-caption-text gallery-caption\">Herstellen der Ziegelsteine (April 2015)<\/dd>\n<\/dl>\n<dl class=\"gallery-item\">\n<dt class=\"gallery-icon landscape\"><a href=\"https:\/\/web.bufamaschu.de\/?attachment_id=593\"><img loading=\"lazy\" decoding=\"async\" class=\"attachment-thumbnail size-thumbnail\" src=\"https:\/\/web.bufamaschu.de\/wp-content\/uploads\/IMG_0222-klein-150x150.jpg\" alt=\"Baustelle Juni 2015\" width=\"150\" height=\"150\" \/><\/a><\/dt>\n<dd id=\"gallery-2-593\" class=\"wp-caption-text gallery-caption\">Baustelle Juni 2015<\/dd>\n<\/dl>\n<dl class=\"gallery-item\">\n<dt class=\"gallery-icon landscape\"><a href=\"https:\/\/web.bufamaschu.de\/?attachment_id=592\"><img loading=\"lazy\" decoding=\"async\" class=\"attachment-thumbnail size-thumbnail\" src=\"https:\/\/web.bufamaschu.de\/wp-content\/uploads\/IMG_0221-klein-150x150.jpg\" alt=\"Baustelle Juni 2015\" width=\"150\" height=\"150\" \/><\/a><\/dt>\n<dd id=\"gallery-2-592\" class=\"wp-caption-text gallery-caption\">Baustelle Juni 2015<\/dd>\n<\/dl>\n<dl class=\"gallery-item\">\n<dt class=\"gallery-icon landscape\"><a href=\"https:\/\/web.bufamaschu.de\/?attachment_id=586\"><img loading=\"lazy\" decoding=\"async\" class=\"attachment-thumbnail size-thumbnail\" src=\"https:\/\/web.bufamaschu.de\/wp-content\/uploads\/IMG_0015-klein-150x150.jpg\" alt=\"Baustelle Juni 2015\" width=\"150\" height=\"150\" \/><\/a><\/dt>\n<dd id=\"gallery-2-586\" class=\"wp-caption-text gallery-caption\">Baustelle Juni 2015<\/dd>\n<\/dl>\n<dl class=\"gallery-item\">\n<dt class=\"gallery-icon landscape\"><a href=\"https:\/\/web.bufamaschu.de\/?attachment_id=587\"><img loading=\"lazy\" decoding=\"async\" class=\"attachment-thumbnail size-thumbnail\" src=\"https:\/\/web.bufamaschu.de\/wp-content\/uploads\/IMG_0025-klein-150x150.jpg\" alt=\"Baustelle Juni 2015\" width=\"150\" height=\"150\" \/><\/a><\/dt>\n<dd id=\"gallery-2-587\" class=\"wp-caption-text gallery-caption\">Baustelle Juni 2015<\/dd>\n<\/dl>\n<dl class=\"gallery-item\">\n<dt class=\"gallery-icon landscape\"><a href=\"https:\/\/web.bufamaschu.de\/?attachment_id=588\"><img loading=\"lazy\" decoding=\"async\" class=\"attachment-thumbnail size-thumbnail\" src=\"https:\/\/web.bufamaschu.de\/wp-content\/uploads\/IMG_0026-klein-150x150.jpg\" alt=\"Baustelle Juni 2015\" width=\"150\" height=\"150\" \/><\/a><\/dt>\n<dd id=\"gallery-2-588\" class=\"wp-caption-text gallery-caption\">Baustelle Juni 2015<\/dd>\n<\/dl>\n<dl class=\"gallery-item\">\n<dt class=\"gallery-icon landscape\"><a href=\"https:\/\/web.bufamaschu.de\/?attachment_id=589\"><img loading=\"lazy\" decoding=\"async\" class=\"attachment-thumbnail size-thumbnail\" src=\"https:\/\/web.bufamaschu.de\/wp-content\/uploads\/IMG_0027-klein-150x150.jpg\" alt=\"Baustelle Juni 2015\" width=\"150\" height=\"150\" \/><\/a><\/dt>\n<dd id=\"gallery-2-589\" class=\"wp-caption-text gallery-caption\">Baustelle Juni 2015<\/dd>\n<\/dl>\n<dl class=\"gallery-item\">\n<dt class=\"gallery-icon landscape\"><a href=\"https:\/\/web.bufamaschu.de\/?attachment_id=590\"><img loading=\"lazy\" decoding=\"async\" class=\"attachment-thumbnail size-thumbnail\" src=\"https:\/\/web.bufamaschu.de\/wp-content\/uploads\/IMG_0032-klein-150x150.jpg\" alt=\"Baustelle Juni 2015\" width=\"150\" height=\"150\" \/><\/a><\/dt>\n<dd id=\"gallery-2-590\" class=\"wp-caption-text gallery-caption\">Baustelle Juni 2015<\/dd>\n<\/dl>\n<dl class=\"gallery-item\">\n<dt class=\"gallery-icon landscape\"><a href=\"https:\/\/web.bufamaschu.de\/?attachment_id=591\"><img loading=\"lazy\" decoding=\"async\" class=\"attachment-thumbnail size-thumbnail\" src=\"https:\/\/web.bufamaschu.de\/wp-content\/uploads\/IMG_0217-klein-150x150.jpg\" alt=\"Baustelle Juni 2015\" width=\"150\" height=\"150\" \/><\/a><\/dt>\n<dd id=\"gallery-2-591\" class=\"wp-caption-text gallery-caption\">Baustelle Juni 2015<\/dd>\n<\/dl>\n<dl class=\"gallery-item\">\n<dt class=\"gallery-icon landscape\"><a href=\"https:\/\/web.bufamaschu.de\/?attachment_id=615\"><img loading=\"lazy\" decoding=\"async\" class=\"attachment-thumbnail size-thumbnail\" src=\"https:\/\/web.bufamaschu.de\/wp-content\/uploads\/15-07-07-bobo01-150x150.jpg\" alt=\"Baustelle 6. Juli 2015\" width=\"150\" height=\"150\" \/><\/a><\/dt>\n<dd id=\"gallery-2-615\" class=\"wp-caption-text gallery-caption\">Baustelle 6. Juli 2015<\/dd>\n<\/dl>\n<dl class=\"gallery-item\">\n<dt class=\"gallery-icon landscape\"><a href=\"https:\/\/web.bufamaschu.de\/?attachment_id=616\"><img loading=\"lazy\" decoding=\"async\" class=\"attachment-thumbnail size-thumbnail\" src=\"https:\/\/web.bufamaschu.de\/wp-content\/uploads\/15-07-07-bobo02-150x150.jpg\" alt=\"Baustelle 6. Juli 2015\" width=\"150\" height=\"150\" \/><\/a><\/dt>\n<dd id=\"gallery-2-616\" class=\"wp-caption-text gallery-caption\">Baustelle 6. Juli 2015<\/dd>\n<\/dl>\n<dl class=\"gallery-item\">\n<dt class=\"gallery-icon landscape\"><a href=\"https:\/\/web.bufamaschu.de\/?attachment_id=617\"><img loading=\"lazy\" decoding=\"async\" class=\"attachment-thumbnail size-thumbnail\" src=\"https:\/\/web.bufamaschu.de\/wp-content\/uploads\/15-07-07-bobo03-150x150.jpg\" alt=\"Baustelle 6. Juli 2015\" width=\"150\" height=\"150\" \/><\/a><\/dt>\n<dd id=\"gallery-2-617\" class=\"wp-caption-text gallery-caption\">Baustelle 6. Juli 2015<\/dd>\n<\/dl>\n<dl class=\"gallery-item\">\n<dt class=\"gallery-icon landscape\"><a href=\"https:\/\/web.bufamaschu.de\/?attachment_id=618\"><img loading=\"lazy\" decoding=\"async\" class=\"attachment-thumbnail size-thumbnail\" src=\"https:\/\/web.bufamaschu.de\/wp-content\/uploads\/15-07-07-bobo04-150x150.jpg\" alt=\"Baustelle 6. Juli 2015\" width=\"150\" height=\"150\" \/><\/a><\/dt>\n<dd id=\"gallery-2-618\" class=\"wp-caption-text gallery-caption\">Baustelle 6. Juli 2015<\/dd>\n<\/dl>\n<dl class=\"gallery-item\">\n<dt class=\"gallery-icon landscape\"><a href=\"https:\/\/web.bufamaschu.de\/?attachment_id=619\"><img loading=\"lazy\" decoding=\"async\" class=\"attachment-thumbnail size-thumbnail\" src=\"https:\/\/web.bufamaschu.de\/wp-content\/uploads\/15-07-07-bobo05-150x150.jpg\" alt=\"Baustelle 6. Juli 2015\" width=\"150\" height=\"150\" \/><\/a><\/dt>\n<dd id=\"gallery-2-619\" class=\"wp-caption-text gallery-caption\">Baustelle 6. Juli 2015<\/dd>\n<\/dl>\n<\/div>\n<p>Hinweis<\/p>\n<p>Aufgrund der politischen Unruhen im September\/Oktober 2015 wurden die Bauarbeiten unterbrochen, jedoch am 2.10.2015 wieder aufgenommen.<\/p>\n<p>&nbsp;<\/p>\n<p>&nbsp;<\/p>\n<p>&nbsp;<\/p>\n<p><b>19.09.2015 &#8211; Krankenstation in Bobo-Dioulasso<\/b><\/p>\n<p>Bericht in der Fuldaer Zeitung vom 19.09.2015 \u00fcber den Bau der Krankenstation in Bobo-Dioulasso<\/p>\n<div id='gallery-1' class='gallery galleryid-95 gallery-columns-1 gallery-size-thumbnail'><figure class='gallery-item'>\n\t\t\t<div class='gallery-icon landscape'>\n\t\t\t\t<a href='https:\/\/web.bufamaschu.de\/?attachment_id=638'><img loading=\"lazy\" decoding=\"async\" width=\"150\" height=\"150\" src=\"https:\/\/web.bufamaschu.de\/wp-content\/uploads\/image5-150x150.jpeg\" class=\"attachment-thumbnail size-thumbnail\" alt=\"\" \/><\/a>\n\t\t\t<\/div><\/figure>\n\t\t<\/div>\n\n<p>&nbsp;<\/p>\n<p>&nbsp;<\/p>\n<hr \/>\n<p>&nbsp;<\/p>\n<p><strong>21.07.2014 &#8211; Das erste Wasser!!!! Der Brunnen in Noumoudara ist gebohrt!<\/strong><\/p>\n<p>Unglaublich, wie schnell dies alles passiert ist! Noch vor wenigen Wochen liefen die Sch\u00fclerinnen und Sch\u00fcler der Eichenzeller Grundschule noch Runde um Runde f\u00fcr einen guten Zweck und das Geld, das die Eltern am Ende spendeten, wurde an die Partnerschule in Noumoudara weitergegeben, um dort einen Brunnen zu bauen.<\/p>\n<div id=\"gallery-3\" class=\"gallery galleryid-33 gallery-columns-3 gallery-size-thumbnail\">\n<dl class=\"gallery-item\">\n<dt class=\"gallery-icon landscape\"><a href=\"https:\/\/web.bufamaschu.de\/?attachment_id=533\"><img loading=\"lazy\" decoding=\"async\" class=\"attachment-thumbnail size-thumbnail\" src=\"https:\/\/web.bufamaschu.de\/wp-content\/uploads\/PICT2938_800x600-150x150.jpg\" alt=\"Bohrarbeiten am Brunnen\" width=\"150\" height=\"150\" \/><\/a><\/dt>\n<dd id=\"gallery-3-533\" class=\"wp-caption-text gallery-caption\">Bohrarbeiten am Brunnen<\/dd>\n<\/dl>\n<dl class=\"gallery-item\">\n<dt class=\"gallery-icon landscape\"><a href=\"https:\/\/web.bufamaschu.de\/?attachment_id=532\"><img loading=\"lazy\" decoding=\"async\" class=\"attachment-thumbnail size-thumbnail\" src=\"https:\/\/web.bufamaschu.de\/wp-content\/uploads\/PICT2937_800x600-150x150.jpg\" alt=\"Bohrarbeiten am Brunnen\" width=\"150\" height=\"150\" \/><\/a><\/dt>\n<dd id=\"gallery-3-532\" class=\"wp-caption-text gallery-caption\">Bohrarbeiten am Brunnen<\/dd>\n<\/dl>\n<dl class=\"gallery-item\">\n<dt class=\"gallery-icon landscape\"><a href=\"https:\/\/web.bufamaschu.de\/?attachment_id=531\"><img loading=\"lazy\" decoding=\"async\" class=\"attachment-thumbnail size-thumbnail\" src=\"https:\/\/web.bufamaschu.de\/wp-content\/uploads\/PICT2936_800x600-150x150.jpg\" alt=\"Bohrarbeiten am Brunnen\" width=\"150\" height=\"150\" \/><\/a><\/dt>\n<dd id=\"gallery-3-531\" class=\"wp-caption-text gallery-caption\">Bohrarbeiten am Brunnen<\/dd>\n<\/dl>\n<dl class=\"gallery-item\">\n<dt class=\"gallery-icon landscape\"><a href=\"https:\/\/web.bufamaschu.de\/?attachment_id=530\"><img loading=\"lazy\" decoding=\"async\" class=\"attachment-thumbnail size-thumbnail\" src=\"https:\/\/web.bufamaschu.de\/wp-content\/uploads\/PICT2935_800x600-150x150.jpg\" alt=\"Bohrarbeiten am Brunnen\" width=\"150\" height=\"150\" \/><\/a><\/dt>\n<dd id=\"gallery-3-530\" class=\"wp-caption-text gallery-caption\">Bohrarbeiten am Brunnen<\/dd>\n<\/dl>\n<dl class=\"gallery-item\">\n<dt class=\"gallery-icon landscape\"><a href=\"https:\/\/web.bufamaschu.de\/?attachment_id=529\"><img loading=\"lazy\" decoding=\"async\" class=\"attachment-thumbnail size-thumbnail\" src=\"https:\/\/web.bufamaschu.de\/wp-content\/uploads\/PICT2915_800x600-150x150.jpg\" alt=\"Bohrarbeiten am Brunnen\" width=\"150\" height=\"150\" \/><\/a><\/dt>\n<dd id=\"gallery-3-529\" class=\"wp-caption-text gallery-caption\">Bohrarbeiten am Brunnen<\/dd>\n<\/dl>\n<dl class=\"gallery-item\">\n<dt class=\"gallery-icon landscape\"><a href=\"https:\/\/web.bufamaschu.de\/?attachment_id=528\"><img loading=\"lazy\" decoding=\"async\" class=\"attachment-thumbnail size-thumbnail\" src=\"https:\/\/web.bufamaschu.de\/wp-content\/uploads\/PICT2914_800x600-150x150.jpg\" alt=\"Bohrarbeiten am Brunnen\" width=\"150\" height=\"150\" \/><\/a><\/dt>\n<dd id=\"gallery-3-528\" class=\"wp-caption-text gallery-caption\">Bohrarbeiten am Brunnen<\/dd>\n<\/dl>\n<dl class=\"gallery-item\">\n<dt class=\"gallery-icon landscape\"><a href=\"https:\/\/web.bufamaschu.de\/?attachment_id=527\"><img loading=\"lazy\" decoding=\"async\" class=\"attachment-thumbnail size-thumbnail\" src=\"https:\/\/web.bufamaschu.de\/wp-content\/uploads\/PICT2913_800x600-150x150.jpg\" alt=\"Unterschiedliche Gesteinsschichten, die durchsto\u00dfen wurden\" width=\"150\" height=\"150\" \/><\/a><\/dt>\n<dd id=\"gallery-3-527\" class=\"wp-caption-text gallery-caption\">Unterschiedliche Gesteinsschichten, die durchsto\u00dfen wurden<\/dd>\n<\/dl>\n<\/div>\n<p>Und heute kamen die ersten Bilder und sogar ein Video der Bohrarbeiten. Gleich beim ersten Anlauf wurde ein Wasserreservoir getroffen. Es kommt nun bereits Wasser aus dem Bohrloch, allerdings muss jetzt das Gest\u00e4nge noch eingesetzt und die Pumpe montiert werden.\u00a0 <a title=\"Brunnenbohrung in Noumoudara\" href=\"http:\/\/www.youtube.com\/watch?v=wZukQbOJWuY\" target=\"_blank\">\u2013&gt; Hier geht\u2019s zum Video<\/a><\/p>\n<p>Die Grundschule Eichenzell hat vor Kurzem mit der Grundschule in Noumoudara, einem kleinen Dorf im Westen Burkina Fasos, eine Partnerschaft geschlossen und zwischen den Kindern wurden bereits rege Bilder und Briefe ausgetauscht. Der Bau eines Brunnens ist f\u00fcr die Menschen in dem kleinen Dorf eine gro\u00dfe Erleichterung, da bislang von einem Brunnen eine Stunde Fu\u00dfmarsch entfernt sauberes Trinkwasser geholt werden musste.<\/p>\n<hr \/>\n<p>&nbsp;<\/p>\n<p>&nbsp;<\/p>\n<p><strong>14.01.2014 &#8211; Container entladen<\/strong><\/p>\n<p>Der von uns im vergangenen Jahr verschiffte Container nach Bobo-Dioulasso ist mittlerweile entladen und die Formalit\u00e4ten sind (fast) abgeschlossen.<br \/>\nWer das Video der Beladung noch nicht gesehen hat &#8211;&gt; <a href=\"http:\/\/www.youtube.com\/watch?v=DaKXLwjYOOI\" target=\"_blank\">hier geht&#8217;s zum Video<\/a><\/p>\n<p>Hier einige Eindr\u00fccke von der Ankunft und der Entladung der Hilfsg\u00fcter:<\/p>\n<dl class=\"gallery-item\">\n<dt class=\"gallery-icon landscape\"><a href=\"https:\/\/web.bufamaschu.de\/?attachment_id=499\"><img loading=\"lazy\" decoding=\"async\" class=\"attachment-thumbnail size-thumbnail\" src=\"https:\/\/web.bufamaschu.de\/wp-content\/uploads\/Foto-2-150x150.jpg\" alt=\"Der Container auf dem Gel\u00e4nde des Zolls\" width=\"150\" height=\"150\" \/><\/a><\/dt>\n<\/dl>\n<dl class=\"gallery-item\">\n<dt class=\"gallery-icon landscape\"><a href=\"https:\/\/web.bufamaschu.de\/?attachment_id=500\"><img loading=\"lazy\" decoding=\"async\" class=\"attachment-thumbnail size-thumbnail\" src=\"https:\/\/web.bufamaschu.de\/wp-content\/uploads\/Foto-3-150x150.jpg\" alt=\"\u00d6ffnen des Siegels\" width=\"150\" height=\"150\" \/><\/a><\/dt>\n<\/dl>\n<dl class=\"gallery-item\">\n<dt class=\"gallery-icon landscape\"><a href=\"https:\/\/web.bufamaschu.de\/?attachment_id=501\"><img loading=\"lazy\" decoding=\"async\" class=\"attachment-thumbnail size-thumbnail\" src=\"https:\/\/web.bufamaschu.de\/wp-content\/uploads\/Foto-4-150x150.jpg\" alt=\"Ausladen\" width=\"150\" height=\"150\" \/><\/a><\/dt>\n<\/dl>\n<hr \/>\n<p><b>19.08.2013 \u2013 F\u00f6rderverein f\u00fcr Bufamaschu e.V.<br \/>\n<\/b><\/p>\n<p>Es gibt Neuigkeiten aus dem Allg\u00e4u: Franz Barnsteiner aus G\u00f6risried hat einen F\u00f6rderverein f\u00fcr Bufamaschu e.V. ins Leben gerufen. Vielen Dank von Bufamaschu aus Hosenfeld nach Bayern. Dann kann\u2019s ja richtig losgehn\u2026 &#x1f609; Hier der direkte Link zur Facebook-Seite des Verein \u201cF\u00f6rderverein Bufamaschu-G\u00d6.e.V.<br \/>\n<a href=\"https:\/\/www.facebook.com\/pages\/F%C3%B6rderverein-Bufamaschu-G%C3%96-eV\/289609497845086?ref=ts&amp;fref=ts\" rel=\"nofollow\">https:\/\/www.facebook.com\/pages\/F\u00f6rderverein-Bufamaschu-G\u00d6-eV\/289609497845086?ref=ts&amp;fref=ts<\/a><\/p>\n<p>&nbsp;<\/p>\n<hr \/>\n<p>&nbsp;<\/p>\n<table width=\"100%\" cellspacing=\"0\" cellpadding=\"0\">\n<tbody>\n<tr>\n<td>\n<table width=\"100%\" cellspacing=\"0\" cellpadding=\"0\">\n<tbody>\n<tr>\n<td>\u00a0<b>13.05.2013 &#8211; Unser 4. Container<\/b><\/td>\n<\/tr>\n<tr>\n<td>\u00a0Unser 4. Container wurde in Bad Salzschlirf beladen und befindet sich auf dem Weg nach Bobo-Dioulasso. Eindr\u00fccke der Beladung finden Sie <a href=\"http:\/\/www.youtube.com\/watch?v=DaKXLwjYOOI\" target=\"_blank\">hier.<\/a><\/td>\n<\/tr>\n<tr>\n<td><img decoding=\"async\" src=\"http:\/\/www.sporton.de\/images\/1x1.gif\" alt=\"\" height=\"8px\" \/><\/td>\n<\/tr>\n<\/tbody>\n<\/table>\n<\/td>\n<\/tr>\n<tr>\n<td>\n<table width=\"100%\" cellspacing=\"0\" cellpadding=\"0\">\n<tbody>\n<tr>\n<td><b>30.10.2010 &#8211; Aktualisiert: Jahreshauptversammlung<\/b><\/td>\n<\/tr>\n<tr>\n<td>Unsere n\u00e4chste Jahreshauptversammlung findet am Freitag, 26.11.2010 um 19:30 Uhr in der Sieberzm\u00fchle statt (N\u00e4heres in der offiziellen Einladung per Mail oder Post).<br \/>\nHierzu sind alle Vereinsmitglieder herzlich eingeladen.<\/td>\n<\/tr>\n<tr>\n<td><img decoding=\"async\" src=\"http:\/\/www.sporton.de\/images\/1x1.gif\" alt=\"\" height=\"8px\" \/><\/td>\n<\/tr>\n<\/tbody>\n<\/table>\n<\/td>\n<\/tr>\n<tr>\n<td>\n<table width=\"100%\" cellspacing=\"0\" cellpadding=\"0\">\n<tbody>\n<tr>\n<td><b>30.10.2010 &#8211; Unser 3. Container<\/b><\/td>\n<\/tr>\n<tr>\n<td>Am 3. November konnten wir unseren dritten Container von Hosenfeld in Richtung Burkina Faso verschicken (s. Unsere Projekte). Gef\u00fcllt mit N\u00e4hmaschinen, Werkzeug, Schultaschen und -materialien und &#8211; 250 Edelstahlbeh\u00e4ltern mit \u00fcber 8000 Chirurgischen Instrumenten. Diese wurden uns vom Herz-Jesu-Krankenhaus in Fulda gespendet und werden in Burkina Faso vom dortigen Gesundheitsministerium in die staatlichen Krankenh\u00e4user des Landes weitergegeben. Diese \u00dcbergabe von einer solch hohen Zahl an erstklassigem Instrumentarium ist f\u00fcr unsere Partner vor Ort und f\u00fcr uns ein gro\u00dfes Ereignis.<br \/>\nBufamaschu freut sich bereits auf die \u00dcbergabe, denn vom 27.12. bis 8.1.2011 wird eine Delegation des Vereins in Burkina Faso sein und der Verteilung der Dinge aus dem Container beiwohnen.<br \/>\nHier gibt&#8217;s auch einen Film dazu:<br \/>\nhttp:\/\/www.youtube.com\/watch?v=hMtMU_O8jzo<\/td>\n<\/tr>\n<tr>\n<td><img decoding=\"async\" src=\"http:\/\/www.sporton.de\/images\/1x1.gif\" alt=\"\" height=\"8px\" \/><\/td>\n<\/tr>\n<\/tbody>\n<\/table>\n<\/td>\n<\/tr>\n<tr>\n<td>\n<table width=\"100%\" cellspacing=\"0\" cellpadding=\"0\">\n<tbody>\n<tr>\n<td><b>30.10.2010 &#8211; Benefizkonzert in G\u00f6risried<\/b><\/td>\n<\/tr>\n<tr>\n<td>Unser Vereinableger in G\u00f6risried um Familie Brnsteiner hat wieder ein Benefizkonzert veranstaltet. Am 16. Oktober hat die Gruppe &#8222;Blechreitz&#8220; ohne Gage aufgespielt und die G\u00f6risrieder haben es sich nicht nehmen lassen, dies zu honorieren. Vielen Dank von Hosenfeld ins Allg\u00e4u f\u00fcr euer tolle Engagement!<\/td>\n<\/tr>\n<tr>\n<td><img decoding=\"async\" src=\"http:\/\/www.sporton.de\/images\/1x1.gif\" alt=\"\" height=\"8px\" \/><\/td>\n<\/tr>\n<\/tbody>\n<\/table>\n<\/td>\n<\/tr>\n<tr>\n<td>\n<table width=\"100%\" cellspacing=\"0\" cellpadding=\"0\">\n<tbody>\n<tr>\n<td><b>06.12.2008 &#8211; Container in Abidjan angekommen<\/b><\/td>\n<\/tr>\n<tr>\n<td>Unser Hilfscontainer, der am 18. November in Hamburg gestartet war, ist mittlerweile in Abidjan, Elfenbeink\u00fcste. Nach der Entladung wird unser Container \u00fcber den Schienenweg nach Bobo-Dioulasso transportiert und dort um den 20. Dezember erwartet.<\/td>\n<\/tr>\n<tr>\n<td><img decoding=\"async\" src=\"http:\/\/www.sporton.de\/images\/1x1.gif\" alt=\"\" height=\"8px\" \/><\/td>\n<\/tr>\n<\/tbody>\n<\/table>\n<\/td>\n<\/tr>\n<tr>\n<td>\n<table width=\"100%\" cellspacing=\"0\" cellpadding=\"0\">\n<tbody>\n<tr>\n<td><b>15.11.2008 &#8211; Veranstaltungshinweis<\/b><\/td>\n<\/tr>\n<tr>\n<td>Am Sonntag, den 16. November stellt sich im B\u00fcrgerhaus des Hosenfelder Ortsteils Jossa der Verein Burkina Faso macht Schule e.V. \u2013 Bufamaschu &#8211; vor.Auf dem Programm steht unter anderem ein Reisebericht vom Sommer 2008 nach Burkina Faso, westafrikanische Trommelmusik mit der Trommelgruppe der vhs des Landkreises Fulda und eine Pr\u00e4sentation \u00fcber die Projekte des Hosenfelder Vereins.<br \/>\nBei Kaffee und Kuchen k\u00f6nnen sich die Besucher zudem einige Objekte burkinischen Kunsthandwerks ansehen und sich anhand von Bildern und Informationstafeln ausf\u00fchrlich \u00fcber das westafrikanische Land informieren.Beginn ist um 14:00<\/td>\n<\/tr>\n<tr>\n<td><img decoding=\"async\" src=\"http:\/\/www.sporton.de\/images\/1x1.gif\" alt=\"\" height=\"8px\" \/><\/td>\n<\/tr>\n<\/tbody>\n<\/table>\n<\/td>\n<\/tr>\n<tr>\n<td>\n<table width=\"100%\" cellspacing=\"0\" cellpadding=\"0\">\n<tbody>\n<tr>\n<td><b>11.10.2008 &#8211; Benefizkonzert<\/b><\/td>\n<\/tr>\n<tr>\n<td>Das Ehepaar Barnsteiner organisierte am 03. Oktober 2008 ein Benefizkonzert in G\u00f6risried (Allg\u00e4u)<\/td>\n<\/tr>\n<tr>\n<td><img decoding=\"async\" src=\"http:\/\/www.sporton.de\/images\/1x1.gif\" alt=\"\" height=\"8px\" \/><\/td>\n<\/tr>\n<\/tbody>\n<\/table>\n<\/td>\n<\/tr>\n<tr>\n<td>\n<table width=\"100%\" cellspacing=\"0\" cellpadding=\"0\">\n<tbody>\n<tr>\n<td><b>23.08.2008 &#8211; Reisebericht 2008<\/b><\/td>\n<\/tr>\n<tr>\n<td>Der Reisebericht mitsamt Fotos ist nun online.<\/td>\n<\/tr>\n<tr>\n<td><img decoding=\"async\" src=\"http:\/\/www.sporton.de\/images\/1x1.gif\" alt=\"\" height=\"8px\" \/><\/td>\n<\/tr>\n<\/tbody>\n<\/table>\n<\/td>\n<\/tr>\n<tr>\n<td>\n<table width=\"100%\" cellspacing=\"0\" cellpadding=\"0\">\n<tbody>\n<tr>\n<td><b>18.12.2007 &#8211; Container auf dem Weg<\/b><\/td>\n<\/tr>\n<tr>\n<td>Am 17.12.07 wurde unser erster Container f\u00fcr unseren Partnerverein zur Unterst\u00fctzung der Kinder in Burkina Faso gestartet.<\/td>\n<\/tr>\n<tr>\n<td><img decoding=\"async\" src=\"http:\/\/www.sporton.de\/images\/1x1.gif\" alt=\"\" height=\"8px\" \/><\/td>\n<\/tr>\n<\/tbody>\n<\/table>\n<\/td>\n<\/tr>\n<tr>\n<td>\n<table width=\"100%\" cellspacing=\"0\" cellpadding=\"0\">\n<tbody>\n<tr>\n<td><b>10.12.2007 &#8211; Container startet<\/b><\/td>\n<\/tr>\n<tr>\n<td>Unser erster Container mit Hilfsg\u00fctern startet am Montag, den 17.12.07. DANKE an alle Spender und Helfer!<\/td>\n<\/tr>\n<\/tbody>\n<\/table>\n<\/td>\n<\/tr>\n<\/tbody>\n<\/table>\n","protected":false},"excerpt":{"rendered":"<p>10.10.2015 &#8211; Krankenstation in Bobo-Dioulasso &#8211; Bilder zum Baufortschritt Zu Beginn der Bauarbeiten und zur Vorbereitung des Baugrundes wurde als erster Schritt ein Brunnen gebohrt, der nun das Wasser f\u00fcr die Baustelle liefert. &nbsp; Vorbereitung der Brunnenbohrung Vorbereitungsarbeiten Vermessungsarbeiten Mitarbeiterin im Organisationskomitee Besprechung der Organisatoren Herstellen der Ziegelsteine (April 2015) Baustelle Juni 2015 Baustelle Juni [&hellip;]<\/p>\n","protected":false},"author":1,"featured_media":0,"parent":139,"menu_order":0,"comment_status":"closed","ping_status":"closed","template":"","meta":{"footnotes":""},"class_list":["post-95","page","type-page","status-publish","hentry"],"_links":{"self":[{"href":"https:\/\/web.bufamaschu.de\/index.php?rest_route=\/wp\/v2\/pages\/95","targetHints":{"allow":["GET"]}}],"collection":[{"href":"https:\/\/web.bufamaschu.de\/index.php?rest_route=\/wp\/v2\/pages"}],"about":[{"href":"https:\/\/web.bufamaschu.de\/index.php?rest_route=\/wp\/v2\/types\/page"}],"author":[{"embeddable":true,"href":"https:\/\/web.bufamaschu.de\/index.php?rest_route=\/wp\/v2\/users\/1"}],"replies":[{"embeddable":true,"href":"https:\/\/web.bufamaschu.de\/index.php?rest_route=%2Fwp%2Fv2%2Fcomments&post=95"}],"version-history":[{"count":18,"href":"https:\/\/web.bufamaschu.de\/index.php?rest_route=\/wp\/v2\/pages\/95\/revisions"}],"predecessor-version":[{"id":718,"href":"https:\/\/web.bufamaschu.de\/index.php?rest_route=\/wp\/v2\/pages\/95\/revisions\/718"}],"up":[{"embeddable":true,"href":"https:\/\/web.bufamaschu.de\/index.php?rest_route=\/wp\/v2\/pages\/139"}],"wp:attachment":[{"href":"https:\/\/web.bufamaschu.de\/index.php?rest_route=%2Fwp%2Fv2%2Fmedia&parent=95"}],"curies":[{"name":"wp","href":"https:\/\/api.w.org\/{rel}","templated":true}]}}